{"id":3324,"date":"2019-08-12T10:46:42","date_gmt":"2019-08-12T07:46:42","guid":{"rendered":"https:\/\/jewsofostrowiec.i-visual.co.il\/?page_id=3324"},"modified":"2019-08-12T10:49:23","modified_gmt":"2019-08-12T07:49:23","slug":"holokaust","status":"publish","type":"page","link":"https:\/\/jewsofostrowiec.com\/pl\/holokaust\/","title":{"rendered":"Holokaust"},"content":{"rendered":"\n\t<h2><strong>Holokaust<\/strong><\/h2>\n\t<h4><strong>1 kwietnia 1941 r. <\/strong><\/h4>\n<p>Niemcy utworzyli w Ostrowcu getto (wydzielon\u0105 dzielnic\u0119 \u017cydowsk\u0105) oraz powo\u0142ali Judenrat (\u017bydowsk\u0105 Rad\u0119 Starszych). Teren getta: Rynek, Siennie\u0144ska, Polna, Browarna (dzi\u015b Mickiewicza), Starokunowska, M\u0142y\u0144ska, Ko\u015bcielna. Przewodnicz\u0105cym ostrowieckiego Judenratu by\u0142 Icek Rubinstein.<\/p>\n<p>&nbsp;<\/p>\n<h4><strong>28 kwietnia 1942 r.<\/strong><\/h4>\n<p>Oddzia\u0142 SS dokona\u0142 ob\u0142awy w rejonie ulic I\u0142\u017ceckiej, Sienkiewicza i Stodolnej, morduj\u0105c 36 os\u00f3b. Siedemdziesi\u0105t dwie osoby wys\u0142ano do Auschwitz.<\/p>\n<p>&nbsp;<\/p>\n<h4><strong>11-12 pa\u017adziernika 1942 r.<\/strong><\/h4>\n<p>W tych dniach jedena\u015bcie tysi\u0119cy os\u00f3b wys\u0142ano na \u015bmier\u0107 do Treblinki, tysi\u0105c zgin\u0119\u0142o na miejscu, oko\u0142o dw\u00f3ch tysi\u0119cy m\u0142odych, zdolnych do pracy, umieszczono w tzw. ma\u0142ym getcie. Tak opisuje te wydarzenia \u201eKsi\u0119ga pami\u0119ci \u017byd\u00f3w ostrowieckich\u201d:<\/p>\n<p>\u201eW niedziel\u0119 przed zmrokiem (&#8230;) miasto zosta\u0142o otoczone przez SS-man\u00f3w, Schutzpolizei, \u017candarmeri\u0119, policj\u0119 litewsk\u0105 i polsk\u0105. \u017bydowscy policjanci chodzili od drzwi do drzwi, rozkazuj\u0105c ludziom, \u017ceby opu\u015bcili domy. Ci, kt\u00f3rzy mieli prac\u0119, mieli p\u00f3j\u015b\u0107 na plac Floriana, blisko Urz\u0119du Miasta. Tym, kt\u00f3rzy nie pracowali, kazano zgromadzi\u0107 si\u0119 na rynku.<\/p>\n<p>Nagle ze wszystkich stron rozleg\u0142y si\u0119 strza\u0142y. Starcy i dzieci zostali zastrzeleni na miejscu, dzieci gin\u0119\u0142y na oczach rodzic\u00f3w, a rodzice na oczach dzieci. Chorzy w szpitalu zostali zastrzeleni w swoich \u0142\u00f3\u017ckach. (\u2026) Ci bez pracy musieli sta\u0107 na rynku, by\u0107 \u015bwiadkami tego, jak ich ukochani bliscy s\u0105 bestialsko mordowani.<\/p>\n<p>P\u00f3\u017aniej zostali zabrani na dziedziniec polskiej szko\u0142y podstawowej na Sienkiewicza. Tam przebywali a\u017c do wtorku bez kropli wody ani \u0142y\u017cki zupy. We wtorek, w grupach 100-, 120-osobowych zostali przetransportowani do zamkni\u0119tych wagon\u00f3w do Treblinki. Eskorta, goni\u0105c nieszcz\u0119snych \u017byd\u00f3w do poci\u0105g\u00f3w, zastrzeli\u0142a, zamordowa\u0142a wielu z nich. Gdy zostali za\u0142adowani do poci\u0105gu, ich rzeczy zosta\u0142y im zabrane; w ko\u0144cu \u015bci\u0105gni\u0119to im ze st\u00f3p nawet buty.\u201d (t\u0142um. Monika Pastuszko)<\/p>\n<p>&nbsp;<\/p>\n<h4><strong>Kwiecie\u0144 1943 r. <\/strong><\/h4>\n<p>Nazi\u015bci likwiduj\u0105 ma\u0142e getto i tworz\u0105 \u017cydowski ob\u00f3z pracy przymusowej przy Zak\u0142adach Ostrowieckich (istnia\u0142 do lipca 1944 r.).<\/p>\n<p>Bojownicy \u017bydowskiej Organizacji Bojowej, pochodz\u0105cy z Ostrowca (lub z tym miastem zwi\u0105zani), kt\u00f3rzy walczyli i zgin\u0119li w powstaniu w getcie warszawskim mi\u0119dzy styczniem a majem 1943 r.: Jakub Chaim Meir Aleksandrowicz,\u00a0 Berl Braude, Aba Gertner, Abraham Ejgier, Abraham Horowic, Icek Morgenlender, Basia Sylman, Sara Sylman, Dawid Sztein (prze\u017cy\u0142 wojn\u0119) i Izrael Zilberman.<\/p>\n","protected":false},"excerpt":{"rendered":"<p>Holokaust 1 kwietnia 1941 r. Niemcy utworzyli w Ostrowcu getto (wydzielon\u0105 dzielnic\u0119 \u017cydowsk\u0105) oraz powo\u0142ali Judenrat (\u017bydowsk\u0105 Rad\u0119 Starszych). Teren getta: Rynek, Siennie\u0144ska, Polna, Browarna (dzi\u015b Mickiewicza), Starokunowska, M\u0142y\u0144ska, Ko\u015bcielna. Przewodnicz\u0105cym ostrowieckiego Judenratu by\u0142 Icek Rubinstein. &nbsp; 28 kwietnia 1942 r. Oddzia\u0142 SS dokona\u0142 ob\u0142awy w rejonie ulic I\u0142\u017ceckiej, Sienkiewicza i Stodolnej, morduj\u0105c 36 os\u00f3b. [&hellip;]<\/p>\n","protected":false},"author":4,"featured_media":0,"parent":0,"menu_order":0,"comment_status":"closed","ping_status":"closed","template":"","meta":{"_monsterinsights_skip_tracking":false,"_monsterinsights_sitenote_active":false,"_monsterinsights_sitenote_note":"","_monsterinsights_sitenote_category":0,"_uf_show_specific_survey":0,"_uf_disable_surveys":false,"site-sidebar-layout":"default","site-content-layout":"","ast-site-content-layout":"default","site-content-style":"default","site-sidebar-style":"default","ast-global-header-display":"","ast-banner-title-visibility":"","ast-main-header-display":"","ast-hfb-above-header-display":"","ast-hfb-below-header-display":"","ast-hfb-mobile-header-display":"","site-post-title":"","ast-breadcrumbs-content":"","ast-featured-img":"","footer-sml-layout":"","ast-disable-related-posts":"","theme-transparent-header-meta":"","adv-header-id-meta":"","stick-header-meta":"","header-above-stick-meta":"","header-main-stick-meta":"","header-below-stick-meta":"","astra-migrate-meta-layouts":"default","ast-page-background-enabled":"default","ast-page-background-meta":{"desktop":{"background-color":"var(--ast-global-color-4)","background-image":"","background-repeat":"repeat","background-position":"center center","background-size":"auto","background-attachment":"scroll","background-type":"","background-media":"","overlay-type":"","overlay-color":"","overlay-opacity":"","overlay-gradient":""},"tablet":{"background-color":"","background-image":"","background-repeat":"repeat","background-position":"center center","background-size":"auto","background-attachment":"scroll","background-type":"","background-media":"","overlay-type":"","overlay-color":"","overlay-opacity":"","overlay-gradient":""},"mobile":{"background-color":"","background-image":"","background-repeat":"repeat","background-position":"center center","background-size":"auto","background-attachment":"scroll","background-type":"","background-media":"","overlay-type":"","overlay-color":"","overlay-opacity":"","overlay-gradient":""}},"ast-content-background-meta":{"desktop":{"background-color":"var(--ast-global-color-5)","background-image":"","background-repeat":"repeat","background-position":"center center","background-size":"auto","background-attachment":"scroll","background-type":"","background-media":"","overlay-type":"","overlay-color":"","overlay-opacity":"","overlay-gradient":""},"tablet":{"background-color":"var(--ast-global-color-5)","background-image":"","background-repeat":"repeat","background-position":"center center","background-size":"auto","background-attachment":"scroll","background-type":"","background-media":"","overlay-type":"","overlay-color":"","overlay-opacity":"","overlay-gradient":""},"mobile":{"background-color":"var(--ast-global-color-5)","background-image":"","background-repeat":"repeat","background-position":"center center","background-size":"auto","background-attachment":"scroll","background-type":"","background-media":"","overlay-type":"","overlay-color":"","overlay-opacity":"","overlay-gradient":""}},"footnotes":""},"class_list":["post-3324","page","type-page","status-publish","hentry"],"aioseo_notices":[],"yoast_head":"<!-- This site is optimized with the Yoast SEO plugin v27.4 - https:\/\/yoast.com\/product\/yoast-seo-wordpress\/ -->\n<title>Holokaust - Jews of Ostrowiec \u05d0\u05ea\u05e8 \u05d4\u05e0\u05e6\u05d7\u05ea \u05d9\u05d4\u05d5\u05d3\u05d9 \u05d0\u05d5\u05e1\u05d8\u05e8\u05d5\u05d1\u05d9\u05d9\u05e5 (\u05d0\u05d5\u05e1\u05d8\u05e8\u05d5\u05d1\u05e6\u05d4)<\/title>\n<meta name=\"robots\" content=\"index, follow, max-snippet:-1, max-image-preview:large, max-video-preview:-1\" \/>\n<link rel=\"canonical\" href=\"https:\/\/jewsofostrowiec.com\/pl\/holokaust\/\" \/>\n<meta property=\"og:locale\" content=\"pl_PL\" \/>\n<meta property=\"og:type\" content=\"article\" \/>\n<meta property=\"og:title\" content=\"Holokaust - Jews of Ostrowiec \u05d0\u05ea\u05e8 \u05d4\u05e0\u05e6\u05d7\u05ea \u05d9\u05d4\u05d5\u05d3\u05d9 \u05d0\u05d5\u05e1\u05d8\u05e8\u05d5\u05d1\u05d9\u05d9\u05e5 (\u05d0\u05d5\u05e1\u05d8\u05e8\u05d5\u05d1\u05e6\u05d4)\" \/>\n<meta property=\"og:description\" content=\"Holokaust 1 kwietnia 1941 r. Niemcy utworzyli w Ostrowcu getto (wydzielon\u0105 dzielnic\u0119 \u017cydowsk\u0105) oraz powo\u0142ali Judenrat (\u017bydowsk\u0105 Rad\u0119 Starszych). Teren getta: Rynek, Siennie\u0144ska, Polna, Browarna (dzi\u015b Mickiewicza), Starokunowska, M\u0142y\u0144ska, Ko\u015bcielna. Przewodnicz\u0105cym ostrowieckiego Judenratu by\u0142 Icek Rubinstein. &nbsp; 28 kwietnia 1942 r. Oddzia\u0142 SS dokona\u0142 ob\u0142awy w rejonie ulic I\u0142\u017ceckiej, Sienkiewicza i Stodolnej, morduj\u0105c 36 os\u00f3b. [&hellip;]\" \/>\n<meta property=\"og:url\" content=\"https:\/\/jewsofostrowiec.com\/pl\/holokaust\/\" \/>\n<meta property=\"og:site_name\" content=\"Jews of Ostrowiec \u05d0\u05ea\u05e8 \u05d4\u05e0\u05e6\u05d7\u05ea \u05d9\u05d4\u05d5\u05d3\u05d9 \u05d0\u05d5\u05e1\u05d8\u05e8\u05d5\u05d1\u05d9\u05d9\u05e5 (\u05d0\u05d5\u05e1\u05d8\u05e8\u05d5\u05d1\u05e6\u05d4)\" \/>\n<meta property=\"article:publisher\" content=\"https:\/\/www.facebook.com\/groups\/267322667278742\/\" \/>\n<meta property=\"article:modified_time\" content=\"2019-08-12T07:49:23+00:00\" \/>\n<meta name=\"twitter:card\" content=\"summary_large_image\" \/>\n<meta name=\"twitter:label1\" content=\"Szacowany czas czytania\" \/>\n\t<meta name=\"twitter:data1\" content=\"2 minuty\" \/>\n<script type=\"application\/ld+json\" class=\"yoast-schema-graph\">{\"@context\":\"https:\\\/\\\/schema.org\",\"@graph\":[{\"@type\":\"WebPage\",\"@id\":\"https:\\\/\\\/jewsofostrowiec.com\\\/pl\\\/holokaust\\\/\",\"url\":\"https:\\\/\\\/jewsofostrowiec.com\\\/pl\\\/holokaust\\\/\",\"name\":\"Holokaust - Jews of Ostrowiec \u05d0\u05ea\u05e8 \u05d4\u05e0\u05e6\u05d7\u05ea \u05d9\u05d4\u05d5\u05d3\u05d9 \u05d0\u05d5\u05e1\u05d8\u05e8\u05d5\u05d1\u05d9\u05d9\u05e5 (\u05d0\u05d5\u05e1\u05d8\u05e8\u05d5\u05d1\u05e6\u05d4)\",\"isPartOf\":{\"@id\":\"https:\\\/\\\/jewsofostrowiec.com\\\/#website\"},\"datePublished\":\"2019-08-12T07:46:42+00:00\",\"dateModified\":\"2019-08-12T07:49:23+00:00\",\"breadcrumb\":{\"@id\":\"https:\\\/\\\/jewsofostrowiec.com\\\/pl\\\/holokaust\\\/#breadcrumb\"},\"inLanguage\":\"pl-PL\",\"potentialAction\":[{\"@type\":\"ReadAction\",\"target\":[\"https:\\\/\\\/jewsofostrowiec.com\\\/pl\\\/holokaust\\\/\"]}]},{\"@type\":\"BreadcrumbList\",\"@id\":\"https:\\\/\\\/jewsofostrowiec.com\\\/pl\\\/holokaust\\\/#breadcrumb\",\"itemListElement\":[{\"@type\":\"ListItem\",\"position\":1,\"name\":\"Home\",\"item\":\"https:\\\/\\\/jewsofostrowiec.com\\\/pl\\\/\"},{\"@type\":\"ListItem\",\"position\":2,\"name\":\"Holokaust\"}]},{\"@type\":\"WebSite\",\"@id\":\"https:\\\/\\\/jewsofostrowiec.com\\\/#website\",\"url\":\"https:\\\/\\\/jewsofostrowiec.com\\\/\",\"name\":\"Jews of Ostrowiec \u05d0\u05ea\u05e8 \u05d4\u05e0\u05e6\u05d7\u05ea \u05d9\u05d4\u05d5\u05d3\u05d9 \u05d0\u05d5\u05e1\u05d8\u05e8\u05d5\u05d1\u05d9\u05d9\u05e5 (\u05d0\u05d5\u05e1\u05d8\u05e8\u05d5\u05d1\u05e6\u05d4)\",\"description\":\"Memorial of the Jewish Community of Ostrowiec \u015awi\u0119tokrzyski, Poland\",\"publisher\":{\"@id\":\"https:\\\/\\\/jewsofostrowiec.com\\\/#organization\"},\"potentialAction\":[{\"@type\":\"SearchAction\",\"target\":{\"@type\":\"EntryPoint\",\"urlTemplate\":\"https:\\\/\\\/jewsofostrowiec.com\\\/?s={search_term_string}\"},\"query-input\":{\"@type\":\"PropertyValueSpecification\",\"valueRequired\":true,\"valueName\":\"search_term_string\"}}],\"inLanguage\":\"pl-PL\"},{\"@type\":\"Organization\",\"@id\":\"https:\\\/\\\/jewsofostrowiec.com\\\/#organization\",\"name\":\"Jews of Ostrowiec \u05d0\u05ea\u05e8 \u05d4\u05e0\u05e6\u05d7\u05ea \u05d9\u05d4\u05d5\u05d3\u05d9 \u05d0\u05d5\u05e1\u05d8\u05e8\u05d5\u05d1\u05d9\u05d9\u05e5 (\u05d0\u05d5\u05e1\u05d8\u05e8\u05d5\u05d1\u05e6\u05d4)\",\"url\":\"https:\\\/\\\/jewsofostrowiec.com\\\/\",\"logo\":{\"@type\":\"ImageObject\",\"inLanguage\":\"pl-PL\",\"@id\":\"https:\\\/\\\/jewsofostrowiec.com\\\/#\\\/schema\\\/logo\\\/image\\\/\",\"url\":\"https:\\\/\\\/jewsofostrowiec.com\\\/wp-content\\\/uploads\\\/2022\\\/10\\\/JEWS-OF-OSTROWIEC-logo.png\",\"contentUrl\":\"https:\\\/\\\/jewsofostrowiec.com\\\/wp-content\\\/uploads\\\/2022\\\/10\\\/JEWS-OF-OSTROWIEC-logo.png\",\"width\":200,\"height\":200,\"caption\":\"Jews of Ostrowiec \u05d0\u05ea\u05e8 \u05d4\u05e0\u05e6\u05d7\u05ea \u05d9\u05d4\u05d5\u05d3\u05d9 \u05d0\u05d5\u05e1\u05d8\u05e8\u05d5\u05d1\u05d9\u05d9\u05e5 (\u05d0\u05d5\u05e1\u05d8\u05e8\u05d5\u05d1\u05e6\u05d4)\"},\"image\":{\"@id\":\"https:\\\/\\\/jewsofostrowiec.com\\\/#\\\/schema\\\/logo\\\/image\\\/\"},\"sameAs\":[\"https:\\\/\\\/www.facebook.com\\\/groups\\\/267322667278742\\\/\"]}]}<\/script>\n<!-- \/ Yoast SEO plugin. -->","yoast_head_json":{"title":"Holokaust - Jews of Ostrowiec \u05d0\u05ea\u05e8 \u05d4\u05e0\u05e6\u05d7\u05ea \u05d9\u05d4\u05d5\u05d3\u05d9 \u05d0\u05d5\u05e1\u05d8\u05e8\u05d5\u05d1\u05d9\u05d9\u05e5 (\u05d0\u05d5\u05e1\u05d8\u05e8\u05d5\u05d1\u05e6\u05d4)","robots":{"index":"index","follow":"follow","max-snippet":"max-snippet:-1","max-image-preview":"max-image-preview:large","max-video-preview":"max-video-preview:-1"},"canonical":"https:\/\/jewsofostrowiec.com\/pl\/holokaust\/","og_locale":"pl_PL","og_type":"article","og_title":"Holokaust - Jews of Ostrowiec \u05d0\u05ea\u05e8 \u05d4\u05e0\u05e6\u05d7\u05ea \u05d9\u05d4\u05d5\u05d3\u05d9 \u05d0\u05d5\u05e1\u05d8\u05e8\u05d5\u05d1\u05d9\u05d9\u05e5 (\u05d0\u05d5\u05e1\u05d8\u05e8\u05d5\u05d1\u05e6\u05d4)","og_description":"Holokaust 1 kwietnia 1941 r. Niemcy utworzyli w Ostrowcu getto (wydzielon\u0105 dzielnic\u0119 \u017cydowsk\u0105) oraz powo\u0142ali Judenrat (\u017bydowsk\u0105 Rad\u0119 Starszych). Teren getta: Rynek, Siennie\u0144ska, Polna, Browarna (dzi\u015b Mickiewicza), Starokunowska, M\u0142y\u0144ska, Ko\u015bcielna. Przewodnicz\u0105cym ostrowieckiego Judenratu by\u0142 Icek Rubinstein. &nbsp; 28 kwietnia 1942 r. Oddzia\u0142 SS dokona\u0142 ob\u0142awy w rejonie ulic I\u0142\u017ceckiej, Sienkiewicza i Stodolnej, morduj\u0105c 36 os\u00f3b. [&hellip;]","og_url":"https:\/\/jewsofostrowiec.com\/pl\/holokaust\/","og_site_name":"Jews of Ostrowiec \u05d0\u05ea\u05e8 \u05d4\u05e0\u05e6\u05d7\u05ea \u05d9\u05d4\u05d5\u05d3\u05d9 \u05d0\u05d5\u05e1\u05d8\u05e8\u05d5\u05d1\u05d9\u05d9\u05e5 (\u05d0\u05d5\u05e1\u05d8\u05e8\u05d5\u05d1\u05e6\u05d4)","article_publisher":"https:\/\/www.facebook.com\/groups\/267322667278742\/","article_modified_time":"2019-08-12T07:49:23+00:00","twitter_card":"summary_large_image","twitter_misc":{"Szacowany czas czytania":"2 minuty"},"schema":{"@context":"https:\/\/schema.org","@graph":[{"@type":"WebPage","@id":"https:\/\/jewsofostrowiec.com\/pl\/holokaust\/","url":"https:\/\/jewsofostrowiec.com\/pl\/holokaust\/","name":"Holokaust - Jews of Ostrowiec \u05d0\u05ea\u05e8 \u05d4\u05e0\u05e6\u05d7\u05ea \u05d9\u05d4\u05d5\u05d3\u05d9 \u05d0\u05d5\u05e1\u05d8\u05e8\u05d5\u05d1\u05d9\u05d9\u05e5 (\u05d0\u05d5\u05e1\u05d8\u05e8\u05d5\u05d1\u05e6\u05d4)","isPartOf":{"@id":"https:\/\/jewsofostrowiec.com\/#website"},"datePublished":"2019-08-12T07:46:42+00:00","dateModified":"2019-08-12T07:49:23+00:00","breadcrumb":{"@id":"https:\/\/jewsofostrowiec.com\/pl\/holokaust\/#breadcrumb"},"inLanguage":"pl-PL","potentialAction":[{"@type":"ReadAction","target":["https:\/\/jewsofostrowiec.com\/pl\/holokaust\/"]}]},{"@type":"BreadcrumbList","@id":"https:\/\/jewsofostrowiec.com\/pl\/holokaust\/#breadcrumb","itemListElement":[{"@type":"ListItem","position":1,"name":"Home","item":"https:\/\/jewsofostrowiec.com\/pl\/"},{"@type":"ListItem","position":2,"name":"Holokaust"}]},{"@type":"WebSite","@id":"https:\/\/jewsofostrowiec.com\/#website","url":"https:\/\/jewsofostrowiec.com\/","name":"Jews of Ostrowiec \u05d0\u05ea\u05e8 \u05d4\u05e0\u05e6\u05d7\u05ea \u05d9\u05d4\u05d5\u05d3\u05d9 \u05d0\u05d5\u05e1\u05d8\u05e8\u05d5\u05d1\u05d9\u05d9\u05e5 (\u05d0\u05d5\u05e1\u05d8\u05e8\u05d5\u05d1\u05e6\u05d4)","description":"Memorial of the Jewish Community of Ostrowiec \u015awi\u0119tokrzyski, Poland","publisher":{"@id":"https:\/\/jewsofostrowiec.com\/#organization"},"potentialAction":[{"@type":"SearchAction","target":{"@type":"EntryPoint","urlTemplate":"https:\/\/jewsofostrowiec.com\/?s={search_term_string}"},"query-input":{"@type":"PropertyValueSpecification","valueRequired":true,"valueName":"search_term_string"}}],"inLanguage":"pl-PL"},{"@type":"Organization","@id":"https:\/\/jewsofostrowiec.com\/#organization","name":"Jews of Ostrowiec \u05d0\u05ea\u05e8 \u05d4\u05e0\u05e6\u05d7\u05ea \u05d9\u05d4\u05d5\u05d3\u05d9 \u05d0\u05d5\u05e1\u05d8\u05e8\u05d5\u05d1\u05d9\u05d9\u05e5 (\u05d0\u05d5\u05e1\u05d8\u05e8\u05d5\u05d1\u05e6\u05d4)","url":"https:\/\/jewsofostrowiec.com\/","logo":{"@type":"ImageObject","inLanguage":"pl-PL","@id":"https:\/\/jewsofostrowiec.com\/#\/schema\/logo\/image\/","url":"https:\/\/jewsofostrowiec.com\/wp-content\/uploads\/2022\/10\/JEWS-OF-OSTROWIEC-logo.png","contentUrl":"https:\/\/jewsofostrowiec.com\/wp-content\/uploads\/2022\/10\/JEWS-OF-OSTROWIEC-logo.png","width":200,"height":200,"caption":"Jews of Ostrowiec \u05d0\u05ea\u05e8 \u05d4\u05e0\u05e6\u05d7\u05ea \u05d9\u05d4\u05d5\u05d3\u05d9 \u05d0\u05d5\u05e1\u05d8\u05e8\u05d5\u05d1\u05d9\u05d9\u05e5 (\u05d0\u05d5\u05e1\u05d8\u05e8\u05d5\u05d1\u05e6\u05d4)"},"image":{"@id":"https:\/\/jewsofostrowiec.com\/#\/schema\/logo\/image\/"},"sameAs":["https:\/\/www.facebook.com\/groups\/267322667278742\/"]}]}},"_links":{"self":[{"href":"https:\/\/jewsofostrowiec.com\/pl\/wp-json\/wp\/v2\/pages\/3324","targetHints":{"allow":["GET"]}}],"collection":[{"href":"https:\/\/jewsofostrowiec.com\/pl\/wp-json\/wp\/v2\/pages"}],"about":[{"href":"https:\/\/jewsofostrowiec.com\/pl\/wp-json\/wp\/v2\/types\/page"}],"author":[{"embeddable":true,"href":"https:\/\/jewsofostrowiec.com\/pl\/wp-json\/wp\/v2\/users\/4"}],"replies":[{"embeddable":true,"href":"https:\/\/jewsofostrowiec.com\/pl\/wp-json\/wp\/v2\/comments?post=3324"}],"version-history":[{"count":3,"href":"https:\/\/jewsofostrowiec.com\/pl\/wp-json\/wp\/v2\/pages\/3324\/revisions"}],"predecessor-version":[{"id":3329,"href":"https:\/\/jewsofostrowiec.com\/pl\/wp-json\/wp\/v2\/pages\/3324\/revisions\/3329"}],"wp:attachment":[{"href":"https:\/\/jewsofostrowiec.com\/pl\/wp-json\/wp\/v2\/media?parent=3324"}],"curies":[{"name":"wp","href":"https:\/\/api.w.org\/{rel}","templated":true}]}}