{"id":7063,"date":"2022-04-27T10:07:47","date_gmt":"2022-04-27T07:07:47","guid":{"rendered":"https:\/\/jewsofostrowiec.i-visual.co.il\/home-5-copy\/"},"modified":"2022-10-09T02:24:59","modified_gmt":"2022-10-08T23:24:59","slug":"home-5-copy","status":"publish","type":"page","link":"https:\/\/jewsofostrowiec.com\/pl\/","title":{"rendered":"Home"},"content":{"rendered":"\n<h1>\n\t\tPami\u0119\u0107 o ostrowieckiej gminie \u017cydowskiej\n\t<\/h1>\n\t<p>Gmina \u017cydowska w Ostrowcu po\u0142o\u017cona by\u0142a w wojew\u00f3dztwie kieleckim, a przed II wojn\u0105 \u015bwiatow\u0105 w powiecie opatowskim. Ostrowiec jest obecnie stolic\u0105 powiatu \u015bwi\u0119tokrzyskiego, cz\u0119\u015bci wojew\u00f3dztwa \u015bwi\u0119tokrzyskiego.<\/p>\n<p>Ta strona jest zwi\u0105zana z projektem Jews of Ostrowiec Memorial Project i zawiera informacje o ludziach, miejscach i wydarzeniach dotycz\u0105cych \u017byd\u00f3w w Ostrowcu (Ostrovtse\/Ostrovtze), w tym linki do wa\u017cnych stron internetowych, blog\u00f3w, artyku\u0142\u00f3w i kontakt\u00f3w do organizacji na ca\u0142ym \u015bwiecie.<\/p>\n<p>Strona jest w j\u0119zyku angielskim, ale niekt\u00f3re strony s\u0105 w j\u0119zyku polskim. Powoli coraz wi\u0119cej stron b\u0119dzie t\u0142umaczonych.<\/p>\n<p>Kliknij <a href=\"https:\/\/jewsofostrowiec.com\/pl\/zydowski-ostrowiec-2\/\">tutaj<\/a>, aby zobaczy\u0107 jednostronicowe podsumowanie \u017cydowskiego Ostrowca.<\/p>\n\t<h1>PAMI\u0118\u0106<\/h1>\n\t<h1>&#8211; Remembering\u00a0 &#8211;<br \/>\nOstrowiec History<\/h1>\n<p>Ostrowiec has a rich and vibrant history, which can be can be found <a href=\"https:\/\/jewsofostrowiec.com\/brief-history\/\">here<\/a>.<\/p>\n<p>The family stories of Jewish residents, including Pre-Holocaust residents, can be found on our <a href=\"https:\/\/jewsofostrowiec.com\/jewish-residents-of-ostrowiec\/\">family<\/a> pages.<\/p>\n<p>Stories about Ostrowiec town life can be found <a href=\"https:\/\/jewsofostrowiec.com\/town-life\/\">here<\/a>.<\/p>\n\t<h1>&#8211; Remembering the\u00a0 &#8211;<br \/>\nHolocaust<\/h1>\n<p>The Jews of Ostrowiec Memorial Project has focused on raising funds and coordinating translations of testimonies and articles of the <a href=\"https:\/\/jewsofostrowiec.com\/resources\/\">Ostrowiec Yizkor Book<\/a>. You can read over 50 translated <a href=\"https:\/\/www.jewishgen.org\/yizkor\/ostrowiec\/ostrowiec.html\" target=\"_blank\" rel=\"noopener\">articles<\/a> of Jewish Ostrowiec History.<\/p>\n\t<h1>&#8211; Remembering the\u00a0 &#8211;<br \/>\nHeroes<\/h1>\n<p>Ostrowiec&#8217;s youth showed great heroism during the war, including those who participated in the <a href=\"https:\/\/jewsofostrowiec.com\/ostrowiec-heroes-of-the-warsaw-ghetto-uprising\/\">Warsaw Ghetto uprising<\/a>, and those who were an integral part of the <a href=\"https:\/\/jewsofostrowiec.com\/jewish-partisans\/\">partisan<\/a> movement.<\/p>\n<p>Some Ostrowiec heroes lost their lives in the fight for <a href=\"https:\/\/jewsofostrowiec.com\/israeli-war-heroes\/\">Israel&#8217;s independence<\/a>.<\/p>\n\t<h1>ACTION<\/h1>\n\t<h1>&#8211; Translating the\u00a0 &#8211;<br \/>\nYizkor Book<\/h1>\n<p>There are still more articles in the Ostrowiec Yizkor Book that can be translated.\u00a0 <a href=\"https:\/\/www.jewishgen.org\/JewishGen-erosity\/v_projectslist.asp?project_cat=23\" target=\"_blank\" rel=\"noopener\">Donations<\/a> to fund translations are needed and welcome.<\/p>\n\t<h1>&#8211; Upgrading the\u00a0 &#8211;<br \/>\nOstowiec Cemetery<\/h1>\n<p>The Jews of Ostrowiec Memorial Project is working in cooperation with others in <a href=\"https:\/\/jewishheritagepoland.org\/os.html\">upgrading<\/a> the lapidarium section of the\u00a0 Jewish Cemetery.<\/p>\n\t<h1>&#8211; Sharing our\u00a0 &#8211;<br \/>\nFamily Stories<\/h1>\n<p>Please <a href=\"mailto:jewsofostrowiec@gmail.com\" target=\"_blank\" rel=\"noopener\">share<\/a> your photos and stories related to the Jewish community of Ostrowiec so that we can add them to our website.<\/p>\n\t<iframe loading=\"lazy\" width=\"600\" height=\"500\" id=\"gmap_canvas\" src=\"https:\/\/maps.google.com\/maps?q=jewish%20cemetery%20ostrowiec&#038;t=&#038;z=13&#038;ie=UTF8&#038;iwloc=&#038;output=embed\" frameborder=\"0\" scrolling=\"no\" marginheight=\"0\" marginwidth=\"0\"><\/iframe><a href=\"https:\/\/123movies-to.org\"><\/a><br \/><style>.mapouter{position:relative;text-align:right;height:500px;width:600px;}<\/style><a href=\"https:\/\/www.embedgooglemap.net\">embed google map<\/a><style>.gmap_canvas {overflow:hidden;background:none!important;height:500px;width:600px;}<\/style>\n\t<p>Ostrowiec is located 160 km south of Warsaw. On the Google map here, you can get directions to the former Jewish <a href=\"https:\/\/jewsofostrowiec.com\/cemetery\/\">Cemetery<\/a> of Ostrowiec, where there is now a &#8222;Lapidarium&#8221; that includes remainings of matzevot (tombstones) and matzevot fragments . The re-built Ohel of Rabbi Meir Yechiel Halstock is also located here.<\/p>\n<h2>\n\t\tJewish Ostrowiec Residents\n\t<\/h2>\n\t<h4>These are just a few of the Ostrowiec family stories. Search for names of former residents <a href=\"https:\/\/jewsofostrowiec.com\/jewish-residents-of-ostrowiec\/\">here<\/a>.<\/h4>\n\n","protected":false},"excerpt":{"rendered":"<p>Pami\u0119\u0107 o ostrowieckiej gminie \u017cydowskiej Gmina \u017cydowska w Ostrowcu po\u0142o\u017cona by\u0142a w wojew\u00f3dztwie kieleckim, a przed II wojn\u0105 \u015bwiatow\u0105 w powiecie opatowskim. Ostrowiec jest obecnie stolic\u0105 powiatu \u015bwi\u0119tokrzyskiego, cz\u0119\u015bci wojew\u00f3dztwa \u015bwi\u0119tokrzyskiego. Ta strona jest zwi\u0105zana z projektem Jews of Ostrowiec Memorial Project i zawiera informacje o ludziach, miejscach i wydarzeniach dotycz\u0105cych \u017byd\u00f3w w Ostrowcu (Ostrovtse\/Ostrovtze), [&hellip;]<\/p>\n","protected":false},"author":7,"featured_media":0,"parent":0,"menu_order":0,"comment_status":"closed","ping_status":"closed","template":"","meta":{"_monsterinsights_skip_tracking":false,"_monsterinsights_sitenote_active":false,"_monsterinsights_sitenote_note":"","_monsterinsights_sitenote_category":0,"_uf_show_specific_survey":0,"_uf_disable_surveys":false,"site-sidebar-layout":"default","site-content-layout":"default","ast-site-content-layout":"default","site-content-style":"default","site-sidebar-style":"default","ast-global-header-display":"","ast-banner-title-visibility":"","ast-main-header-display":"","ast-hfb-above-header-display":"","ast-hfb-below-header-display":"","ast-hfb-mobile-header-display":"","site-post-title":"disabled","ast-breadcrumbs-content":"","ast-featured-img":"","footer-sml-layout":"","ast-disable-related-posts":"","theme-transparent-header-meta":"default","adv-header-id-meta":"","stick-header-meta":"","header-above-stick-meta":"","header-main-stick-meta":"","header-below-stick-meta":"","astra-migrate-meta-layouts":"default","ast-page-background-enabled":"default","ast-page-background-meta":{"desktop":{"background-color":"var(--ast-global-color-4)","background-image":"","background-repeat":"repeat","background-position":"center center","background-size":"auto","background-attachment":"scroll","background-type":"","background-media":"","overlay-type":"","overlay-color":"","overlay-opacity":"","overlay-gradient":""},"tablet":{"background-color":"","background-image":"","background-repeat":"repeat","background-position":"center center","background-size":"auto","background-attachment":"scroll","background-type":"","background-media":"","overlay-type":"","overlay-color":"","overlay-opacity":"","overlay-gradient":""},"mobile":{"background-color":"","background-image":"","background-repeat":"repeat","background-position":"center center","background-size":"auto","background-attachment":"scroll","background-type":"","background-media":"","overlay-type":"","overlay-color":"","overlay-opacity":"","overlay-gradient":""}},"ast-content-background-meta":{"desktop":{"background-color":"var(--ast-global-color-5)","background-image":"","background-repeat":"repeat","background-position":"center center","background-size":"auto","background-attachment":"scroll","background-type":"","background-media":"","overlay-type":"","overlay-color":"","overlay-opacity":"","overlay-gradient":""},"tablet":{"background-color":"var(--ast-global-color-5)","background-image":"","background-repeat":"repeat","background-position":"center center","background-size":"auto","background-attachment":"scroll","background-type":"","background-media":"","overlay-type":"","overlay-color":"","overlay-opacity":"","overlay-gradient":""},"mobile":{"background-color":"var(--ast-global-color-5)","background-image":"","background-repeat":"repeat","background-position":"center center","background-size":"auto","background-attachment":"scroll","background-type":"","background-media":"","overlay-type":"","overlay-color":"","overlay-opacity":"","overlay-gradient":""}},"footnotes":""},"class_list":["post-7063","page","type-page","status-publish","hentry"],"aioseo_notices":[],"yoast_head":"<!-- This site is optimized with the Yoast SEO plugin v25.4 - https:\/\/yoast.com\/wordpress\/plugins\/seo\/ -->\n<title>Home - Jews of Ostrowiec \u05d0\u05ea\u05e8 \u05d4\u05e0\u05e6\u05d7\u05ea \u05d9\u05d4\u05d5\u05d3\u05d9 \u05d0\u05d5\u05e1\u05d8\u05e8\u05d5\u05d1\u05d9\u05d9\u05e5 (\u05d0\u05d5\u05e1\u05d8\u05e8\u05d5\u05d1\u05e6\u05d4)<\/title>\n<meta name=\"robots\" content=\"index, follow, max-snippet:-1, max-image-preview:large, max-video-preview:-1\" \/>\n<link rel=\"canonical\" href=\"https:\/\/jewsofostrowiec.com\/pl\/\" \/>\n<meta property=\"og:locale\" content=\"pl_PL\" \/>\n<meta property=\"og:type\" content=\"article\" \/>\n<meta property=\"og:title\" content=\"Home - Jews of Ostrowiec \u05d0\u05ea\u05e8 \u05d4\u05e0\u05e6\u05d7\u05ea \u05d9\u05d4\u05d5\u05d3\u05d9 \u05d0\u05d5\u05e1\u05d8\u05e8\u05d5\u05d1\u05d9\u05d9\u05e5 (\u05d0\u05d5\u05e1\u05d8\u05e8\u05d5\u05d1\u05e6\u05d4)\" \/>\n<meta property=\"og:description\" content=\"Pami\u0119\u0107 o ostrowieckiej gminie \u017cydowskiej Gmina \u017cydowska w Ostrowcu po\u0142o\u017cona by\u0142a w wojew\u00f3dztwie kieleckim, a przed II wojn\u0105 \u015bwiatow\u0105 w powiecie opatowskim. Ostrowiec jest obecnie stolic\u0105 powiatu \u015bwi\u0119tokrzyskiego, cz\u0119\u015bci wojew\u00f3dztwa \u015bwi\u0119tokrzyskiego. Ta strona jest zwi\u0105zana z projektem Jews of Ostrowiec Memorial Project i zawiera informacje o ludziach, miejscach i wydarzeniach dotycz\u0105cych \u017byd\u00f3w w Ostrowcu (Ostrovtse\/Ostrovtze), [&hellip;]\" \/>\n<meta property=\"og:url\" content=\"https:\/\/jewsofostrowiec.com\/pl\/\" \/>\n<meta property=\"og:site_name\" content=\"Jews of Ostrowiec \u05d0\u05ea\u05e8 \u05d4\u05e0\u05e6\u05d7\u05ea \u05d9\u05d4\u05d5\u05d3\u05d9 \u05d0\u05d5\u05e1\u05d8\u05e8\u05d5\u05d1\u05d9\u05d9\u05e5 (\u05d0\u05d5\u05e1\u05d8\u05e8\u05d5\u05d1\u05e6\u05d4)\" \/>\n<meta property=\"article:publisher\" content=\"https:\/\/www.facebook.com\/groups\/267322667278742\/\" \/>\n<meta property=\"article:modified_time\" content=\"2022-10-08T23:24:59+00:00\" \/>\n<meta name=\"twitter:card\" content=\"summary_large_image\" \/>\n<meta name=\"twitter:label1\" content=\"Szacowany czas czytania\" \/>\n\t<meta name=\"twitter:data1\" content=\"2 minuty\" \/>\n<script type=\"application\/ld+json\" class=\"yoast-schema-graph\">{\"@context\":\"https:\/\/schema.org\",\"@graph\":[{\"@type\":\"WebPage\",\"@id\":\"https:\/\/jewsofostrowiec.com\/pl\/\",\"url\":\"https:\/\/jewsofostrowiec.com\/pl\/\",\"name\":\"Home - Jews of Ostrowiec \u05d0\u05ea\u05e8 \u05d4\u05e0\u05e6\u05d7\u05ea \u05d9\u05d4\u05d5\u05d3\u05d9 \u05d0\u05d5\u05e1\u05d8\u05e8\u05d5\u05d1\u05d9\u05d9\u05e5 (\u05d0\u05d5\u05e1\u05d8\u05e8\u05d5\u05d1\u05e6\u05d4)\",\"isPartOf\":{\"@id\":\"https:\/\/jewsofostrowiec.com\/#website\"},\"datePublished\":\"2022-04-27T07:07:47+00:00\",\"dateModified\":\"2022-10-08T23:24:59+00:00\",\"breadcrumb\":{\"@id\":\"https:\/\/jewsofostrowiec.com\/pl\/#breadcrumb\"},\"inLanguage\":\"pl-PL\",\"potentialAction\":[{\"@type\":\"ReadAction\",\"target\":[\"https:\/\/jewsofostrowiec.com\/pl\/\"]}]},{\"@type\":\"BreadcrumbList\",\"@id\":\"https:\/\/jewsofostrowiec.com\/pl\/#breadcrumb\",\"itemListElement\":[{\"@type\":\"ListItem\",\"position\":1,\"name\":\"Home\",\"item\":\"https:\/\/jewsofostrowiec.com\/pl\/\"},{\"@type\":\"ListItem\",\"position\":2,\"name\":\"Home\"}]},{\"@type\":\"WebSite\",\"@id\":\"https:\/\/jewsofostrowiec.com\/#website\",\"url\":\"https:\/\/jewsofostrowiec.com\/\",\"name\":\"Jews of Ostrowiec \u05d0\u05ea\u05e8 \u05d4\u05e0\u05e6\u05d7\u05ea \u05d9\u05d4\u05d5\u05d3\u05d9 \u05d0\u05d5\u05e1\u05d8\u05e8\u05d5\u05d1\u05d9\u05d9\u05e5 (\u05d0\u05d5\u05e1\u05d8\u05e8\u05d5\u05d1\u05e6\u05d4)\",\"description\":\"Memorial of the Jewish Community of Ostrowiec \u015awi\u0119tokrzyski, Poland\",\"publisher\":{\"@id\":\"https:\/\/jewsofostrowiec.com\/#organization\"},\"potentialAction\":[{\"@type\":\"SearchAction\",\"target\":{\"@type\":\"EntryPoint\",\"urlTemplate\":\"https:\/\/jewsofostrowiec.com\/?s={search_term_string}\"},\"query-input\":{\"@type\":\"PropertyValueSpecification\",\"valueRequired\":true,\"valueName\":\"search_term_string\"}}],\"inLanguage\":\"pl-PL\"},{\"@type\":\"Organization\",\"@id\":\"https:\/\/jewsofostrowiec.com\/#organization\",\"name\":\"Jews of Ostrowiec \u05d0\u05ea\u05e8 \u05d4\u05e0\u05e6\u05d7\u05ea \u05d9\u05d4\u05d5\u05d3\u05d9 \u05d0\u05d5\u05e1\u05d8\u05e8\u05d5\u05d1\u05d9\u05d9\u05e5 (\u05d0\u05d5\u05e1\u05d8\u05e8\u05d5\u05d1\u05e6\u05d4)\",\"url\":\"https:\/\/jewsofostrowiec.com\/\",\"logo\":{\"@type\":\"ImageObject\",\"inLanguage\":\"pl-PL\",\"@id\":\"https:\/\/jewsofostrowiec.com\/#\/schema\/logo\/image\/\",\"url\":\"https:\/\/jewsofostrowiec.com\/wp-content\/uploads\/2022\/10\/JEWS-OF-OSTROWIEC-logo.png\",\"contentUrl\":\"https:\/\/jewsofostrowiec.com\/wp-content\/uploads\/2022\/10\/JEWS-OF-OSTROWIEC-logo.png\",\"width\":200,\"height\":200,\"caption\":\"Jews of Ostrowiec \u05d0\u05ea\u05e8 \u05d4\u05e0\u05e6\u05d7\u05ea \u05d9\u05d4\u05d5\u05d3\u05d9 \u05d0\u05d5\u05e1\u05d8\u05e8\u05d5\u05d1\u05d9\u05d9\u05e5 (\u05d0\u05d5\u05e1\u05d8\u05e8\u05d5\u05d1\u05e6\u05d4)\"},\"image\":{\"@id\":\"https:\/\/jewsofostrowiec.com\/#\/schema\/logo\/image\/\"},\"sameAs\":[\"https:\/\/www.facebook.com\/groups\/267322667278742\/\"]}]}<\/script>\n<!-- \/ Yoast SEO plugin. -->","yoast_head_json":{"title":"Home - Jews of Ostrowiec \u05d0\u05ea\u05e8 \u05d4\u05e0\u05e6\u05d7\u05ea \u05d9\u05d4\u05d5\u05d3\u05d9 \u05d0\u05d5\u05e1\u05d8\u05e8\u05d5\u05d1\u05d9\u05d9\u05e5 (\u05d0\u05d5\u05e1\u05d8\u05e8\u05d5\u05d1\u05e6\u05d4)","robots":{"index":"index","follow":"follow","max-snippet":"max-snippet:-1","max-image-preview":"max-image-preview:large","max-video-preview":"max-video-preview:-1"},"canonical":"https:\/\/jewsofostrowiec.com\/pl\/","og_locale":"pl_PL","og_type":"article","og_title":"Home - Jews of Ostrowiec \u05d0\u05ea\u05e8 \u05d4\u05e0\u05e6\u05d7\u05ea \u05d9\u05d4\u05d5\u05d3\u05d9 \u05d0\u05d5\u05e1\u05d8\u05e8\u05d5\u05d1\u05d9\u05d9\u05e5 (\u05d0\u05d5\u05e1\u05d8\u05e8\u05d5\u05d1\u05e6\u05d4)","og_description":"Pami\u0119\u0107 o ostrowieckiej gminie \u017cydowskiej Gmina \u017cydowska w Ostrowcu po\u0142o\u017cona by\u0142a w wojew\u00f3dztwie kieleckim, a przed II wojn\u0105 \u015bwiatow\u0105 w powiecie opatowskim. Ostrowiec jest obecnie stolic\u0105 powiatu \u015bwi\u0119tokrzyskiego, cz\u0119\u015bci wojew\u00f3dztwa \u015bwi\u0119tokrzyskiego. Ta strona jest zwi\u0105zana z projektem Jews of Ostrowiec Memorial Project i zawiera informacje o ludziach, miejscach i wydarzeniach dotycz\u0105cych \u017byd\u00f3w w Ostrowcu (Ostrovtse\/Ostrovtze), [&hellip;]","og_url":"https:\/\/jewsofostrowiec.com\/pl\/","og_site_name":"Jews of Ostrowiec \u05d0\u05ea\u05e8 \u05d4\u05e0\u05e6\u05d7\u05ea \u05d9\u05d4\u05d5\u05d3\u05d9 \u05d0\u05d5\u05e1\u05d8\u05e8\u05d5\u05d1\u05d9\u05d9\u05e5 (\u05d0\u05d5\u05e1\u05d8\u05e8\u05d5\u05d1\u05e6\u05d4)","article_publisher":"https:\/\/www.facebook.com\/groups\/267322667278742\/","article_modified_time":"2022-10-08T23:24:59+00:00","twitter_card":"summary_large_image","twitter_misc":{"Szacowany czas czytania":"2 minuty"},"schema":{"@context":"https:\/\/schema.org","@graph":[{"@type":"WebPage","@id":"https:\/\/jewsofostrowiec.com\/pl\/","url":"https:\/\/jewsofostrowiec.com\/pl\/","name":"Home - Jews of Ostrowiec \u05d0\u05ea\u05e8 \u05d4\u05e0\u05e6\u05d7\u05ea \u05d9\u05d4\u05d5\u05d3\u05d9 \u05d0\u05d5\u05e1\u05d8\u05e8\u05d5\u05d1\u05d9\u05d9\u05e5 (\u05d0\u05d5\u05e1\u05d8\u05e8\u05d5\u05d1\u05e6\u05d4)","isPartOf":{"@id":"https:\/\/jewsofostrowiec.com\/#website"},"datePublished":"2022-04-27T07:07:47+00:00","dateModified":"2022-10-08T23:24:59+00:00","breadcrumb":{"@id":"https:\/\/jewsofostrowiec.com\/pl\/#breadcrumb"},"inLanguage":"pl-PL","potentialAction":[{"@type":"ReadAction","target":["https:\/\/jewsofostrowiec.com\/pl\/"]}]},{"@type":"BreadcrumbList","@id":"https:\/\/jewsofostrowiec.com\/pl\/#breadcrumb","itemListElement":[{"@type":"ListItem","position":1,"name":"Home","item":"https:\/\/jewsofostrowiec.com\/pl\/"},{"@type":"ListItem","position":2,"name":"Home"}]},{"@type":"WebSite","@id":"https:\/\/jewsofostrowiec.com\/#website","url":"https:\/\/jewsofostrowiec.com\/","name":"Jews of Ostrowiec \u05d0\u05ea\u05e8 \u05d4\u05e0\u05e6\u05d7\u05ea \u05d9\u05d4\u05d5\u05d3\u05d9 \u05d0\u05d5\u05e1\u05d8\u05e8\u05d5\u05d1\u05d9\u05d9\u05e5 (\u05d0\u05d5\u05e1\u05d8\u05e8\u05d5\u05d1\u05e6\u05d4)","description":"Memorial of the Jewish Community of Ostrowiec \u015awi\u0119tokrzyski, Poland","publisher":{"@id":"https:\/\/jewsofostrowiec.com\/#organization"},"potentialAction":[{"@type":"SearchAction","target":{"@type":"EntryPoint","urlTemplate":"https:\/\/jewsofostrowiec.com\/?s={search_term_string}"},"query-input":{"@type":"PropertyValueSpecification","valueRequired":true,"valueName":"search_term_string"}}],"inLanguage":"pl-PL"},{"@type":"Organization","@id":"https:\/\/jewsofostrowiec.com\/#organization","name":"Jews of Ostrowiec \u05d0\u05ea\u05e8 \u05d4\u05e0\u05e6\u05d7\u05ea \u05d9\u05d4\u05d5\u05d3\u05d9 \u05d0\u05d5\u05e1\u05d8\u05e8\u05d5\u05d1\u05d9\u05d9\u05e5 (\u05d0\u05d5\u05e1\u05d8\u05e8\u05d5\u05d1\u05e6\u05d4)","url":"https:\/\/jewsofostrowiec.com\/","logo":{"@type":"ImageObject","inLanguage":"pl-PL","@id":"https:\/\/jewsofostrowiec.com\/#\/schema\/logo\/image\/","url":"https:\/\/jewsofostrowiec.com\/wp-content\/uploads\/2022\/10\/JEWS-OF-OSTROWIEC-logo.png","contentUrl":"https:\/\/jewsofostrowiec.com\/wp-content\/uploads\/2022\/10\/JEWS-OF-OSTROWIEC-logo.png","width":200,"height":200,"caption":"Jews of Ostrowiec \u05d0\u05ea\u05e8 \u05d4\u05e0\u05e6\u05d7\u05ea \u05d9\u05d4\u05d5\u05d3\u05d9 \u05d0\u05d5\u05e1\u05d8\u05e8\u05d5\u05d1\u05d9\u05d9\u05e5 (\u05d0\u05d5\u05e1\u05d8\u05e8\u05d5\u05d1\u05e6\u05d4)"},"image":{"@id":"https:\/\/jewsofostrowiec.com\/#\/schema\/logo\/image\/"},"sameAs":["https:\/\/www.facebook.com\/groups\/267322667278742\/"]}]}},"_links":{"self":[{"href":"https:\/\/jewsofostrowiec.com\/pl\/wp-json\/wp\/v2\/pages\/7063","targetHints":{"allow":["GET"]}}],"collection":[{"href":"https:\/\/jewsofostrowiec.com\/pl\/wp-json\/wp\/v2\/pages"}],"about":[{"href":"https:\/\/jewsofostrowiec.com\/pl\/wp-json\/wp\/v2\/types\/page"}],"author":[{"embeddable":true,"href":"https:\/\/jewsofostrowiec.com\/pl\/wp-json\/wp\/v2\/users\/7"}],"replies":[{"embeddable":true,"href":"https:\/\/jewsofostrowiec.com\/pl\/wp-json\/wp\/v2\/comments?post=7063"}],"version-history":[{"count":5,"href":"https:\/\/jewsofostrowiec.com\/pl\/wp-json\/wp\/v2\/pages\/7063\/revisions"}],"predecessor-version":[{"id":7266,"href":"https:\/\/jewsofostrowiec.com\/pl\/wp-json\/wp\/v2\/pages\/7063\/revisions\/7266"}],"wp:attachment":[{"href":"https:\/\/jewsofostrowiec.com\/pl\/wp-json\/wp\/v2\/media?parent=7063"}],"curies":[{"name":"wp","href":"https:\/\/api.w.org\/{rel}","templated":true}]}}