{"id":8073,"date":"2022-12-08T14:17:49","date_gmt":"2022-12-08T12:17:49","guid":{"rendered":"https:\/\/jewsofostrowiec.i-visual.co.il\/sliwka-rescue-story\/"},"modified":"2022-12-25T22:27:45","modified_gmt":"2022-12-25T20:27:45","slug":"hitoria-uratowanych-przez-sliwke","status":"publish","type":"page","link":"https:\/\/jewsofostrowiec.com\/pl\/hitoria-uratowanych-przez-sliwke\/","title":{"rendered":"Hitoria uratowanych przez \u015aliwk\u0119"},"content":{"rendered":"\n<h2>\n\t\tHitoria uratowanych przez \u015aliwk\u0119\n\t<\/h2>\n\t\t\t\t<img decoding=\"async\" src=\"https:\/\/jewsofostrowiec.com\/wp-content\/uploads\/2022\/12\/Helena-and-3-300x161.jpg\" alt=\"Od lewej: Harry Fisz, Helena \u015aliwka, Shaya Zweigman, Rachmiel (Ralph) Waldman\" itemprop=\"image\" title=\"Helena and 3\" onerror=\"this.style.display='none'\"  \/>\n\t\tOd lewej: Harry Fisz, Helena \u015aliwka, Shaya Zweigman, Rachmiel (Ralph) Waldman\n<h3>\n\t\tHistoria ocalenia\n\t<\/h3>\n\t<ul>\n<li>\nPodczas Holokaustu Andrzej i Helena \u015aliwka oraz ich m\u0142odsze dzieci \u017cyli we wsi Podszkodzie, zlokalizowanej 6 kilometr\u00f3w od Ostrowca. Pomogli oni ukry\u0107 3 ostrowieckich \u017byd\u00f3w: Rachmiela (Ralpha) Waldmana, Harrego Fisha i Shaya Zweigmana, kt\u00f3rzy uciekli, z barak\u00f3w w fabryce stali, przed deportacj\u0105 do Auschwitz. \n<\/li>\n<li>\nPo wojnie ocaleni wyjechali do Kanady, ale pozostali w kontakcie z rodzin\u0105 \u015aliwki. Kiedy Pan \u015aliwka by\u0142 chory, oni pomogli mu przysy\u0142aj\u0105c leki\/penicylin\u0119 z Kanady, kt\u00f3re by\u0142o ci\u0119\u017cko pozyska\u0107 w Polsce. \n<\/li>\n<li>\nW latach 60-tych, Ralph (Rachmiel) Waldman i jego dw\u00f3ch ocalonych przyjaci\u00f3\u0142 pomog\u0142o rodzinie \u015aliwki przy wyje\u017adzie ich c\u00f3rki El\u017cbiety do Kanady. Ralph pom\u00f3g\u0142 El\u017cbiecie w zaaran\u017cowaniu jej \u017cycia na miejscu oraz p\u00f3\u017aniej w aran\u017cacji jej ma\u0142\u017ce\u0144stwa, kiedy wychodzi\u0142a za Richarda Bogackiego. P\u00f3\u017aniej jej brat i siostra tak\u017ce wyemigrowali do Kanady z Polski.\n<\/li>\n<\/ul>\n<h2><a href=\"https:\/\/ostrowiecka.pl\/2022\/12\/23\/swiateczna-opowiesc-z-toronto\/\">Link do artyku\u0142u Gazety Ostrowieckiej napisanego przez Dariusza Kisiela\u00a0<\/a><\/h2>\n<p>&nbsp;<\/p>\n<h3>\n\t\tSpos\u00f3b ocalenia\n\t<\/h3>\n\t<ul>\n<li>Ukrywanie<\/li>\n<\/ul>\n<h3>\n\t\tOcaleni\n\t<\/h3>\n\t<ul>\n<li><a href=\"https:\/\/jewsofostrowiec.com\/rachmiel-ralph-waldman\/\">Rachmiel (Ralph) Waldman<\/a><\/li>\n<li><a href=\"https:\/\/jewsofostrowiec.com\/harry-fish\/\">Harry Fish<\/a><\/li>\n<li><a href=\"https:\/\/jewsofostrowiec.com\/shaya-zweigman\/\">Shaya Zweigman<\/a><\/li>\n<\/ul>\n\t\t\t\t<img decoding=\"async\" src=\"https:\/\/jewsofostrowiec.com\/wp-content\/uploads\/2022\/12\/RALPH-WALDMAN-150x150.jpg\" alt=\"RALPH WALDMAN\" itemprop=\"image\" title=\"RALPH WALDMAN\" onerror=\"this.style.display='none'\"  \/>\n\t\tRALPH WALDMAN\n\t\t\t\t<img decoding=\"async\" src=\"https:\/\/jewsofostrowiec.com\/wp-content\/uploads\/2022\/12\/Harry-Fisz-150x150.jpg\" alt=\"Harry Fish\" itemprop=\"image\" title=\"Harry Fish\" onerror=\"this.style.display='none'\"  \/>\n\t\tHarry Fisz\n\t\t\t\t<img decoding=\"async\" src=\"https:\/\/jewsofostrowiec.com\/wp-content\/uploads\/2022\/12\/Shaya-Zweigman.jpg\" alt=\"Shaya Zweigman\" itemprop=\"image\" title=\"Shaya Zweigman\" onerror=\"this.style.display='none'\"  \/>\n\t\tShaya Zweigman\n\t\t\t\t<img decoding=\"async\" src=\"https:\/\/jewsofostrowiec.com\/wp-content\/uploads\/2022\/12\/Helena-Sliwka-grave.jpg\" alt=\"gr\u00f3b Heleny \u015aliwki\" itemprop=\"image\" title=\"Helena Sliwka grave\" onerror=\"this.style.display='none'\"  \/>\n\t\tgr\u00f3b Heleny \u015aliwki\n\t\t\t\t<img decoding=\"async\" src=\"https:\/\/jewsofostrowiec.com\/wp-content\/uploads\/2022\/12\/Sliwka-couple.jpg\" alt=\"Andrzej i Helena \u015aliwka \" itemprop=\"image\" title=\"Sliwka couple\" onerror=\"this.style.display='none'\"  \/>\n\t\tAndrzej i Helena \u015aliwka \n\t\t\t\t<img decoding=\"async\" src=\"https:\/\/jewsofostrowiec.com\/wp-content\/uploads\/2022\/12\/318638060_540491287686172_4301470802473307676_n-213x300.jpg\" alt=\"El\u017cbieta \u015aliwka Bogacki\" itemprop=\"image\" title=\"318638060_540491287686172_4301470802473307676_n\" onerror=\"this.style.display='none'\"  \/>\n\t\tEl\u017cbieta \u015aliwka Bogacki\n<h3>\n\t\t<a href=\"https:\/\/jewsofostrowiec.com\/pl\/ralph-waldman-polish-hiding-testimony\/\" title=\" Ralph Waldman \u015awiadectwo ocalonego\" target=\"_self\" rel=\"noopener\">\n\t\t Ralph Waldman \u015awiadectwo ocalonego\n\t\t<\/a>\n\t<\/h3>\n\n","protected":false},"excerpt":{"rendered":"<p>Hitoria uratowanych przez \u015aliwk\u0119 Od lewej: Harry Fisz, Helena \u015aliwka, Shaya Zweigman, Rachmiel (Ralph) Waldman Historia ocalenia Podczas Holokaustu Andrzej i Helena \u015aliwka oraz ich m\u0142odsze dzieci \u017cyli we wsi Podszkodzie, zlokalizowanej 6 kilometr\u00f3w od Ostrowca. Pomogli oni ukry\u0107 3 ostrowieckich \u017byd\u00f3w: Rachmiela (Ralpha) Waldmana, Harrego Fisha i Shaya Zweigmana, kt\u00f3rzy uciekli, z barak\u00f3w w [&hellip;]<\/p>\n","protected":false},"author":1,"featured_media":0,"parent":0,"menu_order":0,"comment_status":"closed","ping_status":"closed","template":"","meta":{"_monsterinsights_skip_tracking":false,"_monsterinsights_sitenote_active":false,"_monsterinsights_sitenote_note":"","_monsterinsights_sitenote_category":0,"_uf_show_specific_survey":0,"_uf_disable_surveys":false,"site-sidebar-layout":"no-sidebar","site-content-layout":"page-builder","ast-site-content-layout":"default","site-content-style":"default","site-sidebar-style":"default","ast-global-header-display":"","ast-banner-title-visibility":"","ast-main-header-display":"","ast-hfb-above-header-display":"","ast-hfb-below-header-display":"","ast-hfb-mobile-header-display":"","site-post-title":"disabled","ast-breadcrumbs-content":"","ast-featured-img":"disabled","footer-sml-layout":"","ast-disable-related-posts":"","theme-transparent-header-meta":"default","adv-header-id-meta":"","stick-header-meta":"","header-above-stick-meta":"","header-main-stick-meta":"","header-below-stick-meta":"","astra-migrate-meta-layouts":"default","ast-page-background-enabled":"default","ast-page-background-meta":{"desktop":{"background-color":"var(--ast-global-color-4)","background-image":"","background-repeat":"repeat","background-position":"center center","background-size":"auto","background-attachment":"scroll","background-type":"","background-media":"","overlay-type":"","overlay-color":"","overlay-opacity":"","overlay-gradient":""},"tablet":{"background-color":"","background-image":"","background-repeat":"repeat","background-position":"center center","background-size":"auto","background-attachment":"scroll","background-type":"","background-media":"","overlay-type":"","overlay-color":"","overlay-opacity":"","overlay-gradient":""},"mobile":{"background-color":"","background-image":"","background-repeat":"repeat","background-position":"center center","background-size":"auto","background-attachment":"scroll","background-type":"","background-media":"","overlay-type":"","overlay-color":"","overlay-opacity":"","overlay-gradient":""}},"ast-content-background-meta":{"desktop":{"background-color":"var(--ast-global-color-5)","background-image":"","background-repeat":"repeat","background-position":"center center","background-size":"auto","background-attachment":"scroll","background-type":"","background-media":"","overlay-type":"","overlay-color":"","overlay-opacity":"","overlay-gradient":""},"tablet":{"background-color":"var(--ast-global-color-5)","background-image":"","background-repeat":"repeat","background-position":"center center","background-size":"auto","background-attachment":"scroll","background-type":"","background-media":"","overlay-type":"","overlay-color":"","overlay-opacity":"","overlay-gradient":""},"mobile":{"background-color":"var(--ast-global-color-5)","background-image":"","background-repeat":"repeat","background-position":"center center","background-size":"auto","background-attachment":"scroll","background-type":"","background-media":"","overlay-type":"","overlay-color":"","overlay-opacity":"","overlay-gradient":""}},"footnotes":""},"class_list":["post-8073","page","type-page","status-publish","hentry"],"aioseo_notices":[],"yoast_head":"<!-- This site is optimized with the Yoast SEO plugin v27.4 - https:\/\/yoast.com\/product\/yoast-seo-wordpress\/ -->\n<title>Hitoria uratowanych przez \u015aliwk\u0119 - Jews of Ostrowiec \u05d0\u05ea\u05e8 \u05d4\u05e0\u05e6\u05d7\u05ea \u05d9\u05d4\u05d5\u05d3\u05d9 \u05d0\u05d5\u05e1\u05d8\u05e8\u05d5\u05d1\u05d9\u05d9\u05e5 (\u05d0\u05d5\u05e1\u05d8\u05e8\u05d5\u05d1\u05e6\u05d4)<\/title>\n<meta name=\"robots\" content=\"index, follow, max-snippet:-1, max-image-preview:large, max-video-preview:-1\" \/>\n<link rel=\"canonical\" href=\"https:\/\/jewsofostrowiec.com\/sliwka-rescue-story\/\" \/>\n<meta property=\"og:locale\" content=\"pl_PL\" \/>\n<meta property=\"og:type\" content=\"article\" \/>\n<meta property=\"og:title\" content=\"Hitoria uratowanych przez \u015aliwk\u0119 - Jews of Ostrowiec \u05d0\u05ea\u05e8 \u05d4\u05e0\u05e6\u05d7\u05ea \u05d9\u05d4\u05d5\u05d3\u05d9 \u05d0\u05d5\u05e1\u05d8\u05e8\u05d5\u05d1\u05d9\u05d9\u05e5 (\u05d0\u05d5\u05e1\u05d8\u05e8\u05d5\u05d1\u05e6\u05d4)\" \/>\n<meta property=\"og:description\" content=\"Hitoria uratowanych przez \u015aliwk\u0119 Od lewej: Harry Fisz, Helena \u015aliwka, Shaya Zweigman, Rachmiel (Ralph) Waldman Historia ocalenia Podczas Holokaustu Andrzej i Helena \u015aliwka oraz ich m\u0142odsze dzieci \u017cyli we wsi Podszkodzie, zlokalizowanej 6 kilometr\u00f3w od Ostrowca. Pomogli oni ukry\u0107 3 ostrowieckich \u017byd\u00f3w: Rachmiela (Ralpha) Waldmana, Harrego Fisha i Shaya Zweigmana, kt\u00f3rzy uciekli, z barak\u00f3w w [&hellip;]\" \/>\n<meta property=\"og:url\" content=\"https:\/\/jewsofostrowiec.com\/sliwka-rescue-story\/\" \/>\n<meta property=\"og:site_name\" content=\"Jews of Ostrowiec \u05d0\u05ea\u05e8 \u05d4\u05e0\u05e6\u05d7\u05ea \u05d9\u05d4\u05d5\u05d3\u05d9 \u05d0\u05d5\u05e1\u05d8\u05e8\u05d5\u05d1\u05d9\u05d9\u05e5 (\u05d0\u05d5\u05e1\u05d8\u05e8\u05d5\u05d1\u05e6\u05d4)\" \/>\n<meta property=\"article:publisher\" content=\"https:\/\/www.facebook.com\/groups\/267322667278742\/\" \/>\n<meta property=\"article:modified_time\" content=\"2022-12-25T20:27:45+00:00\" \/>\n<meta property=\"og:image\" content=\"https:\/\/jewsofostrowiec.com\/wp-content\/uploads\/2022\/12\/Helena-and-3-300x161.jpg\" \/>\n<meta name=\"twitter:card\" content=\"summary_large_image\" \/>\n<meta name=\"twitter:label1\" content=\"Szacowany czas czytania\" \/>\n\t<meta name=\"twitter:data1\" content=\"1 minuta\" \/>\n<script type=\"application\/ld+json\" class=\"yoast-schema-graph\">{\"@context\":\"https:\\\/\\\/schema.org\",\"@graph\":[{\"@type\":\"WebPage\",\"@id\":\"https:\\\/\\\/jewsofostrowiec.com\\\/sliwka-rescue-story\\\/\",\"url\":\"https:\\\/\\\/jewsofostrowiec.com\\\/sliwka-rescue-story\\\/\",\"name\":\"Hitoria uratowanych przez \u015aliwk\u0119 - Jews of Ostrowiec \u05d0\u05ea\u05e8 \u05d4\u05e0\u05e6\u05d7\u05ea \u05d9\u05d4\u05d5\u05d3\u05d9 \u05d0\u05d5\u05e1\u05d8\u05e8\u05d5\u05d1\u05d9\u05d9\u05e5 (\u05d0\u05d5\u05e1\u05d8\u05e8\u05d5\u05d1\u05e6\u05d4)\",\"isPartOf\":{\"@id\":\"https:\\\/\\\/jewsofostrowiec.com\\\/#website\"},\"primaryImageOfPage\":{\"@id\":\"https:\\\/\\\/jewsofostrowiec.com\\\/sliwka-rescue-story\\\/#primaryimage\"},\"image\":{\"@id\":\"https:\\\/\\\/jewsofostrowiec.com\\\/sliwka-rescue-story\\\/#primaryimage\"},\"thumbnailUrl\":\"https:\\\/\\\/jewsofostrowiec.com\\\/wp-content\\\/uploads\\\/2022\\\/12\\\/Helena-and-3-300x161.jpg\",\"datePublished\":\"2022-12-08T12:17:49+00:00\",\"dateModified\":\"2022-12-25T20:27:45+00:00\",\"breadcrumb\":{\"@id\":\"https:\\\/\\\/jewsofostrowiec.com\\\/sliwka-rescue-story\\\/#breadcrumb\"},\"inLanguage\":\"pl-PL\",\"potentialAction\":[{\"@type\":\"ReadAction\",\"target\":[\"https:\\\/\\\/jewsofostrowiec.com\\\/sliwka-rescue-story\\\/\"]}]},{\"@type\":\"ImageObject\",\"inLanguage\":\"pl-PL\",\"@id\":\"https:\\\/\\\/jewsofostrowiec.com\\\/sliwka-rescue-story\\\/#primaryimage\",\"url\":\"https:\\\/\\\/jewsofostrowiec.com\\\/wp-content\\\/uploads\\\/2022\\\/12\\\/Helena-and-3-300x161.jpg\",\"contentUrl\":\"https:\\\/\\\/jewsofostrowiec.com\\\/wp-content\\\/uploads\\\/2022\\\/12\\\/Helena-and-3-300x161.jpg\"},{\"@type\":\"BreadcrumbList\",\"@id\":\"https:\\\/\\\/jewsofostrowiec.com\\\/sliwka-rescue-story\\\/#breadcrumb\",\"itemListElement\":[{\"@type\":\"ListItem\",\"position\":1,\"name\":\"Home\",\"item\":\"https:\\\/\\\/jewsofostrowiec.com\\\/pl\\\/\"},{\"@type\":\"ListItem\",\"position\":2,\"name\":\"Hitoria uratowanych przez \u015aliwk\u0119\"}]},{\"@type\":\"WebSite\",\"@id\":\"https:\\\/\\\/jewsofostrowiec.com\\\/#website\",\"url\":\"https:\\\/\\\/jewsofostrowiec.com\\\/\",\"name\":\"Jews of Ostrowiec \u05d0\u05ea\u05e8 \u05d4\u05e0\u05e6\u05d7\u05ea \u05d9\u05d4\u05d5\u05d3\u05d9 \u05d0\u05d5\u05e1\u05d8\u05e8\u05d5\u05d1\u05d9\u05d9\u05e5 (\u05d0\u05d5\u05e1\u05d8\u05e8\u05d5\u05d1\u05e6\u05d4)\",\"description\":\"Memorial of the Jewish Community of Ostrowiec \u015awi\u0119tokrzyski, Poland\",\"publisher\":{\"@id\":\"https:\\\/\\\/jewsofostrowiec.com\\\/#organization\"},\"potentialAction\":[{\"@type\":\"SearchAction\",\"target\":{\"@type\":\"EntryPoint\",\"urlTemplate\":\"https:\\\/\\\/jewsofostrowiec.com\\\/?s={search_term_string}\"},\"query-input\":{\"@type\":\"PropertyValueSpecification\",\"valueRequired\":true,\"valueName\":\"search_term_string\"}}],\"inLanguage\":\"pl-PL\"},{\"@type\":\"Organization\",\"@id\":\"https:\\\/\\\/jewsofostrowiec.com\\\/#organization\",\"name\":\"Jews of Ostrowiec \u05d0\u05ea\u05e8 \u05d4\u05e0\u05e6\u05d7\u05ea \u05d9\u05d4\u05d5\u05d3\u05d9 \u05d0\u05d5\u05e1\u05d8\u05e8\u05d5\u05d1\u05d9\u05d9\u05e5 (\u05d0\u05d5\u05e1\u05d8\u05e8\u05d5\u05d1\u05e6\u05d4)\",\"url\":\"https:\\\/\\\/jewsofostrowiec.com\\\/\",\"logo\":{\"@type\":\"ImageObject\",\"inLanguage\":\"pl-PL\",\"@id\":\"https:\\\/\\\/jewsofostrowiec.com\\\/#\\\/schema\\\/logo\\\/image\\\/\",\"url\":\"https:\\\/\\\/jewsofostrowiec.com\\\/wp-content\\\/uploads\\\/2022\\\/10\\\/JEWS-OF-OSTROWIEC-logo.png\",\"contentUrl\":\"https:\\\/\\\/jewsofostrowiec.com\\\/wp-content\\\/uploads\\\/2022\\\/10\\\/JEWS-OF-OSTROWIEC-logo.png\",\"width\":200,\"height\":200,\"caption\":\"Jews of Ostrowiec \u05d0\u05ea\u05e8 \u05d4\u05e0\u05e6\u05d7\u05ea \u05d9\u05d4\u05d5\u05d3\u05d9 \u05d0\u05d5\u05e1\u05d8\u05e8\u05d5\u05d1\u05d9\u05d9\u05e5 (\u05d0\u05d5\u05e1\u05d8\u05e8\u05d5\u05d1\u05e6\u05d4)\"},\"image\":{\"@id\":\"https:\\\/\\\/jewsofostrowiec.com\\\/#\\\/schema\\\/logo\\\/image\\\/\"},\"sameAs\":[\"https:\\\/\\\/www.facebook.com\\\/groups\\\/267322667278742\\\/\"]}]}<\/script>\n<!-- \/ Yoast SEO plugin. -->","yoast_head_json":{"title":"Hitoria uratowanych przez \u015aliwk\u0119 - Jews of Ostrowiec \u05d0\u05ea\u05e8 \u05d4\u05e0\u05e6\u05d7\u05ea \u05d9\u05d4\u05d5\u05d3\u05d9 \u05d0\u05d5\u05e1\u05d8\u05e8\u05d5\u05d1\u05d9\u05d9\u05e5 (\u05d0\u05d5\u05e1\u05d8\u05e8\u05d5\u05d1\u05e6\u05d4)","robots":{"index":"index","follow":"follow","max-snippet":"max-snippet:-1","max-image-preview":"max-image-preview:large","max-video-preview":"max-video-preview:-1"},"canonical":"https:\/\/jewsofostrowiec.com\/sliwka-rescue-story\/","og_locale":"pl_PL","og_type":"article","og_title":"Hitoria uratowanych przez \u015aliwk\u0119 - Jews of Ostrowiec \u05d0\u05ea\u05e8 \u05d4\u05e0\u05e6\u05d7\u05ea \u05d9\u05d4\u05d5\u05d3\u05d9 \u05d0\u05d5\u05e1\u05d8\u05e8\u05d5\u05d1\u05d9\u05d9\u05e5 (\u05d0\u05d5\u05e1\u05d8\u05e8\u05d5\u05d1\u05e6\u05d4)","og_description":"Hitoria uratowanych przez \u015aliwk\u0119 Od lewej: Harry Fisz, Helena \u015aliwka, Shaya Zweigman, Rachmiel (Ralph) Waldman Historia ocalenia Podczas Holokaustu Andrzej i Helena \u015aliwka oraz ich m\u0142odsze dzieci \u017cyli we wsi Podszkodzie, zlokalizowanej 6 kilometr\u00f3w od Ostrowca. Pomogli oni ukry\u0107 3 ostrowieckich \u017byd\u00f3w: Rachmiela (Ralpha) Waldmana, Harrego Fisha i Shaya Zweigmana, kt\u00f3rzy uciekli, z barak\u00f3w w [&hellip;]","og_url":"https:\/\/jewsofostrowiec.com\/sliwka-rescue-story\/","og_site_name":"Jews of Ostrowiec \u05d0\u05ea\u05e8 \u05d4\u05e0\u05e6\u05d7\u05ea \u05d9\u05d4\u05d5\u05d3\u05d9 \u05d0\u05d5\u05e1\u05d8\u05e8\u05d5\u05d1\u05d9\u05d9\u05e5 (\u05d0\u05d5\u05e1\u05d8\u05e8\u05d5\u05d1\u05e6\u05d4)","article_publisher":"https:\/\/www.facebook.com\/groups\/267322667278742\/","article_modified_time":"2022-12-25T20:27:45+00:00","og_image":[{"url":"https:\/\/jewsofostrowiec.com\/wp-content\/uploads\/2022\/12\/Helena-and-3-300x161.jpg","type":"","width":"","height":""}],"twitter_card":"summary_large_image","twitter_misc":{"Szacowany czas czytania":"1 minuta"},"schema":{"@context":"https:\/\/schema.org","@graph":[{"@type":"WebPage","@id":"https:\/\/jewsofostrowiec.com\/sliwka-rescue-story\/","url":"https:\/\/jewsofostrowiec.com\/sliwka-rescue-story\/","name":"Hitoria uratowanych przez \u015aliwk\u0119 - Jews of Ostrowiec \u05d0\u05ea\u05e8 \u05d4\u05e0\u05e6\u05d7\u05ea \u05d9\u05d4\u05d5\u05d3\u05d9 \u05d0\u05d5\u05e1\u05d8\u05e8\u05d5\u05d1\u05d9\u05d9\u05e5 (\u05d0\u05d5\u05e1\u05d8\u05e8\u05d5\u05d1\u05e6\u05d4)","isPartOf":{"@id":"https:\/\/jewsofostrowiec.com\/#website"},"primaryImageOfPage":{"@id":"https:\/\/jewsofostrowiec.com\/sliwka-rescue-story\/#primaryimage"},"image":{"@id":"https:\/\/jewsofostrowiec.com\/sliwka-rescue-story\/#primaryimage"},"thumbnailUrl":"https:\/\/jewsofostrowiec.com\/wp-content\/uploads\/2022\/12\/Helena-and-3-300x161.jpg","datePublished":"2022-12-08T12:17:49+00:00","dateModified":"2022-12-25T20:27:45+00:00","breadcrumb":{"@id":"https:\/\/jewsofostrowiec.com\/sliwka-rescue-story\/#breadcrumb"},"inLanguage":"pl-PL","potentialAction":[{"@type":"ReadAction","target":["https:\/\/jewsofostrowiec.com\/sliwka-rescue-story\/"]}]},{"@type":"ImageObject","inLanguage":"pl-PL","@id":"https:\/\/jewsofostrowiec.com\/sliwka-rescue-story\/#primaryimage","url":"https:\/\/jewsofostrowiec.com\/wp-content\/uploads\/2022\/12\/Helena-and-3-300x161.jpg","contentUrl":"https:\/\/jewsofostrowiec.com\/wp-content\/uploads\/2022\/12\/Helena-and-3-300x161.jpg"},{"@type":"BreadcrumbList","@id":"https:\/\/jewsofostrowiec.com\/sliwka-rescue-story\/#breadcrumb","itemListElement":[{"@type":"ListItem","position":1,"name":"Home","item":"https:\/\/jewsofostrowiec.com\/pl\/"},{"@type":"ListItem","position":2,"name":"Hitoria uratowanych przez \u015aliwk\u0119"}]},{"@type":"WebSite","@id":"https:\/\/jewsofostrowiec.com\/#website","url":"https:\/\/jewsofostrowiec.com\/","name":"Jews of Ostrowiec \u05d0\u05ea\u05e8 \u05d4\u05e0\u05e6\u05d7\u05ea \u05d9\u05d4\u05d5\u05d3\u05d9 \u05d0\u05d5\u05e1\u05d8\u05e8\u05d5\u05d1\u05d9\u05d9\u05e5 (\u05d0\u05d5\u05e1\u05d8\u05e8\u05d5\u05d1\u05e6\u05d4)","description":"Memorial of the Jewish Community of Ostrowiec \u015awi\u0119tokrzyski, Poland","publisher":{"@id":"https:\/\/jewsofostrowiec.com\/#organization"},"potentialAction":[{"@type":"SearchAction","target":{"@type":"EntryPoint","urlTemplate":"https:\/\/jewsofostrowiec.com\/?s={search_term_string}"},"query-input":{"@type":"PropertyValueSpecification","valueRequired":true,"valueName":"search_term_string"}}],"inLanguage":"pl-PL"},{"@type":"Organization","@id":"https:\/\/jewsofostrowiec.com\/#organization","name":"Jews of Ostrowiec \u05d0\u05ea\u05e8 \u05d4\u05e0\u05e6\u05d7\u05ea \u05d9\u05d4\u05d5\u05d3\u05d9 \u05d0\u05d5\u05e1\u05d8\u05e8\u05d5\u05d1\u05d9\u05d9\u05e5 (\u05d0\u05d5\u05e1\u05d8\u05e8\u05d5\u05d1\u05e6\u05d4)","url":"https:\/\/jewsofostrowiec.com\/","logo":{"@type":"ImageObject","inLanguage":"pl-PL","@id":"https:\/\/jewsofostrowiec.com\/#\/schema\/logo\/image\/","url":"https:\/\/jewsofostrowiec.com\/wp-content\/uploads\/2022\/10\/JEWS-OF-OSTROWIEC-logo.png","contentUrl":"https:\/\/jewsofostrowiec.com\/wp-content\/uploads\/2022\/10\/JEWS-OF-OSTROWIEC-logo.png","width":200,"height":200,"caption":"Jews of Ostrowiec \u05d0\u05ea\u05e8 \u05d4\u05e0\u05e6\u05d7\u05ea \u05d9\u05d4\u05d5\u05d3\u05d9 \u05d0\u05d5\u05e1\u05d8\u05e8\u05d5\u05d1\u05d9\u05d9\u05e5 (\u05d0\u05d5\u05e1\u05d8\u05e8\u05d5\u05d1\u05e6\u05d4)"},"image":{"@id":"https:\/\/jewsofostrowiec.com\/#\/schema\/logo\/image\/"},"sameAs":["https:\/\/www.facebook.com\/groups\/267322667278742\/"]}]}},"_links":{"self":[{"href":"https:\/\/jewsofostrowiec.com\/pl\/wp-json\/wp\/v2\/pages\/8073","targetHints":{"allow":["GET"]}}],"collection":[{"href":"https:\/\/jewsofostrowiec.com\/pl\/wp-json\/wp\/v2\/pages"}],"about":[{"href":"https:\/\/jewsofostrowiec.com\/pl\/wp-json\/wp\/v2\/types\/page"}],"author":[{"embeddable":true,"href":"https:\/\/jewsofostrowiec.com\/pl\/wp-json\/wp\/v2\/users\/1"}],"replies":[{"embeddable":true,"href":"https:\/\/jewsofostrowiec.com\/pl\/wp-json\/wp\/v2\/comments?post=8073"}],"version-history":[{"count":4,"href":"https:\/\/jewsofostrowiec.com\/pl\/wp-json\/wp\/v2\/pages\/8073\/revisions"}],"predecessor-version":[{"id":8077,"href":"https:\/\/jewsofostrowiec.com\/pl\/wp-json\/wp\/v2\/pages\/8073\/revisions\/8077"}],"wp:attachment":[{"href":"https:\/\/jewsofostrowiec.com\/pl\/wp-json\/wp\/v2\/media?parent=8073"}],"curies":[{"name":"wp","href":"https:\/\/api.w.org\/{rel}","templated":true}]}}