{"id":8657,"date":"2023-03-14T07:23:37","date_gmt":"2023-03-14T05:23:37","guid":{"rendered":"https:\/\/jewsofostrowiec.i-visual.co.il\/?page_id=8657"},"modified":"2024-04-19T14:27:33","modified_gmt":"2024-04-19T11:27:33","slug":"schron-na-ilzeckiej","status":"publish","type":"page","link":"https:\/\/jewsofostrowiec.com\/pl\/schron-na-ilzeckiej\/","title":{"rendered":"Schron na I\u0142\u017ceckiej"},"content":{"rendered":"\n\n\t<h2 align=\"center\">Schron na I\u0142\u017ceckiej<\/h2>\n\t<p><em>Fragmenty relacji z Ksi\u0119gi Pami\u0119ci 1971, str. 342\u00a0 \u00a0\u00a0<\/em><\/p>\n<h2 align=\"center\">Schron na I\u0142\u017ceckiej -Bunkier<\/h2>\n<p><strong>Rachel Guthaltz-Kempinski, <\/strong><\/p>\n<p><strong>\u00a0<\/strong>Ostrowieccy \u017bydzi podzielili ten sam los, co reszta polskich \u017byd\u00f3w. W \u017cydowskich domach nie by\u0142o przygotowa\u0144 do Szabatu. Ludzie chodzili jak odurzeni. &#8222;Co mamy robi\u0107?&#8221; To pytanie le\u017ca\u0142o na ustach wszystkich. Niekt\u00f3rzy przygotowali bunkry, kt\u00f3re po polsku nazywali\u015bmy &#8222;schronami&#8221;.<\/p>\n<p>W tym czasie dzia\u0142a\u0142 kibuc <em>hachszara<\/em> [&#8222;gospodarstwo szkoleniowe&#8221;] &#8222;Hechalutzu&#8221; [ruchu m\u0142odzie\u017cowego szkol\u0105cego do osadnictwa rolniczego w Izraelu], kt\u00f3ry prowadzi\u0142 m\u0142ody m\u0119\u017cczyzna ze S\u0142onimia, Berl Brojde. Cz\u0119sto tam je\u017adzi\u0142am. Kibuc mia\u0142 kontakty z Warszaw\u0105.<\/p>\n<p>Przychodzi\u0142a do niego grupa m\u0142odych ludzi: Basia i Sara Sylman, Lejbel i Abraham Ejgier, Jisrolik Hermalin, Dovid Shulman, Frania Beatus (z Konina) i inni.<\/p>\n<p>W domu Sylman\u00f3w przy ulicy I\u0142\u017ceckiej m\u0142odzie\u017c, wed\u0142ug wskaz\u00f3wek Berla Brojde, zbudowa\u0142a &#8222;schron&#8221; [kryj\u00f3wk\u0119]. Wydzielili pok\u00f3j i zamurowali go. By\u0142o tam tajne wej\u015bcie &#8211; przez dach na strychu. Tej samej nocy rozesz\u0142a si\u0119 wie\u015b\u0107, \u017ce ma si\u0119 rozpocz\u0105\u0107 &#8222;akcja&#8221;.<\/p>\n<p>&#8222;Schron&#8221; sk\u0142ada\u0142 si\u0119 z du\u017cej izby. By\u0142o nas oko\u0142o trzydziestu os\u00f3b. Najpierw ca\u0142y kibuc &#8211; wszyscy obcy. Nie z Ostrowca. A dalej mieszka\u0144cy miasta, kt\u00f3rych nazwiska pami\u0119tam do dzi\u015b:<\/p>\n<p>Rachel Sylman i jej wnuki Basia, Sara i Yosele; syn lubelskiego Rebbe, i kilka synowych i kilkoro wnuk\u00f3w; oraz jego c\u00f3rka pani Rubin z Bielska, i jej ch\u0142opczyk &#8222;Bobu\u015b&#8221;.<\/p>\n<p><strong>Widzimy &#8222;akcj\u0119&#8221; [deportacj\u0119]<\/strong><\/p>\n<p>Berl Brojde rozda\u0142 nam wszystkim m\u0142odym koktajle Mo\u0142otowa. Starsi nie wiedzieli o tym. Podnosi\u0142 butelk\u0119 i m\u00f3wi\u0142: &#8222;Nie wezm\u0105 od nas Bobusia \u017cywcem!&#8221;.<\/p>\n<p>W &#8222;schronie&#8221; by\u0142 te\u017c Jisrolik Hermalin z m\u0142odsz\u0105 siostr\u0105 Soni\u0105 i braciszkiem; by\u0142a te\u017c rodzina Mendelewicz\u00f3w z Kielc; Jisrolik Szylman z ulicy Szerokiej; Jecheskiel Krongold z \u017con\u0105.<\/p>\n<p>Wieczorem wszyscy m\u0142odzi m\u0119\u017cczy\u017ani, kt\u00f3rzy pracowali w fabryce, opu\u015bcili &#8222;schron&#8221;. My zostali\u015bmy i czekali\u015bmy. O \u015bwicie us\u0142yszeli\u015bmy rozkazy SS i zrozumieli\u015bmy, \u017ce rozpocz\u0119\u0142a si\u0119 &#8222;akcja&#8221;.<\/p>\n<p>&#8222;Schron&#8221; znajdowa\u0142 si\u0119 na drugim pi\u0119trze i mia\u0142 ma\u0142e okienka, tzw. dymniki. Zas\u0142onili\u015bmy szyby, a przez szpary widzieli\u015bmy, co si\u0119 dzieje na zewn\u0105trz. Od czasu do czasu s\u0142ycha\u0107 by\u0142o strza\u0142y i krzyki umieraj\u0105cych ludzi. Mieli\u015bmy przygotowany prowiant, ale kto by my\u015bla\u0142 o jedzeniu.<\/p>\n<p>Po kilku dniach dowiedzieli\u015bmy si\u0119, \u017ce na podw\u00f3rku, gdzie si\u0119 ukrywali\u015bmy, gromadz\u0105 grupy \u017byd\u00f3w. Dzi\u0119ki temu mogli\u015bmy od czasu do czasu wychodzi\u0107 i miesza\u0107 si\u0119 z innymi lud\u017ami, zdobywa\u0107 jedzenie i wod\u0119 ze studni, kt\u00f3ra by\u0142a na podw\u00f3rku.<\/p>\n<p>Byli\u015bmy tam przez prawie dwa tygodnie. W tym czasie Niemcy szukali kryj\u00f3wek w domu. S\u0142yszeli\u015bmy odg\u0142osy niemieckich but\u00f3w i krzyki Niemc\u00f3w. W tym czasie odkryli kilka kryj\u00f3wek w domu, ale naszego &#8222;schronu&#8221; nie znale\u017ali.<\/p>\n<p><strong>Grupa walczy w powstaniu w getcie warszawskim<\/strong><\/p>\n<p><strong>\u00a0<\/strong>W sk\u0142ad grupy, kt\u00f3ra przygotowywa\u0142a si\u0119 do wyjazdu do Warszawy, \u017ceby przy\u0142\u0105czy\u0107 si\u0119 do powstania w getcie, wchodzili: Berl Brojde na czele, nast\u0119pnie Basia i Sara Sylman, Lejbel Ejgier, Frania Beatus (kt\u00f3ra s\u0142u\u017cy\u0142a jako kurierka i je\u017adzi\u0142a tam i z powrotem do Warszawy), Jisrolik Szulman i Jisrolik Hermalin. Je\u015bli o kim\u015b zapomnia\u0142am to prosz\u0119 o wybaczenie.<\/p>\n<p>Pewnego dnia Basia Sylman wysz\u0142a w ci\u0105gu dnia na ulic\u0119. Wygl\u0105da\u0142a na chrze\u015bcijank\u0119. Z\u0142apali j\u0105, jak i inne chrze\u015bcija\u0144skie dziewczyny, i wys\u0142ali na roboty do Niemiec. Ale ona uciek\u0142a z transportu i wr\u00f3ci\u0142a do &#8222;schronu&#8221;, gdzie o wszystkim opowiedzia\u0142a. Jej babcia, Rachel Sylman, zgani\u0142a j\u0105 za to, \u017ce uciek\u0142a z rob\u00f3t, gdzie mog\u0142a si\u0119 uratowa\u0107. Ale Basia odpowiedzia\u0142a: &#8222;Bubbe, nie chc\u0119 umiera\u0107 z &#8222;Chrystusem kr\u00f3lem&#8221; na ustach!&#8221;.<\/p>\n<p>Chc\u0119 wspomnie\u0107 o jeszcze jednym wa\u017cnym wydarzeniu, kt\u00f3re mia\u0142o miejsce w &#8222;schronie&#8221;.<\/p>\n<p>Pewnego razu wszed\u0142 zdyszany Berl Brojde i powiedzia\u0142: &#8222;S\u0142uchajcie wszyscy, i zaklinam was, kto prze\u017cyje, nie powinien tego zapomnie\u0107: zast\u0119pca komendanta policji \u017cydowskiej w\u0142asnymi r\u0119kami wsadzi\u0142 mnie do transportu, ale ja uciek\u0142em!&#8221;.<\/p>\n<p>Uwa\u017cam, \u017ce spe\u0142nienie jego \u017cyczenia jest moim \u015bwi\u0119tym obowi\u0105zkiem wobec mojego przyjaciela Berla. Jestem jedyn\u0105 ocala\u0142\u0105 osob\u0105 ze &#8222;schronu&#8221;. Powsta\u0144cy [&#8222;puczy\u015bci&#8221;] wiedzieli o dzia\u0142alno\u015bci Berla Brojde.<\/p>\n<p>Ca\u0142y dom, w kt\u00f3rym mieszkali\u015bmy podzielili dla pracownik\u00f3w fabryki, wi\u0119c znowu zostali\u015bmy na ulicy. Przypadkowo spotka\u0142am na podw\u00f3rku Szmula Zhabnera, policjanta, kt\u00f3ry mieszka\u0142 z matk\u0105 w getcie, w naszym domu. Powiedzia\u0142 mi, \u017ce nasza rodzina ukrywa si\u0119 na naszym strychu w &#8222;schronie&#8221;. Opowiedzia\u0142am to kolegom i wkr\u00f3tce wszyscy ukryli\u015bmy si\u0119 w kryj\u00f3wce, a tymczasem ca\u0142a grupa pojecha\u0142a do Warszawy. Ostatnimi, kt\u00f3rzy zostali byli Lejbel Rappaport i Dovid Shulman.<\/p>\n<p>Ca\u0142a grupa zgin\u0119\u0142a w getcie warszawskim, a my z Ostrowca r\u00f3wnie\u017c przyczynili\u015bmy si\u0119 do m\u0119stwa i bohaterstwa w powstaniu w getcie. Pierwsza zgin\u0119\u0142a Sara Sylman, z broni\u0105 w r\u0119ku. Dzie\u0144 wybuchu powstania jest dla mnie \u015bwi\u0119ty.<\/p>\n<p>Chc\u0119 zrelacjonowa\u0107 wydarzenie, kt\u00f3re utkwi\u0142o mi w pami\u0119ci: Lejbel Rappaport, lat 18, Sara Sylman, lat 17 i Dovid Shulman, lat 17, wyszli w deszczow\u0105, ciemn\u0105 noc, \u017ceby podpali\u0107 rynek. Zabrali ze sob\u0105 materia\u0142y \u0142atwopalne. Weszli do domu Fridlewskiego na Rynku na Szerokiej, podpalili dach, licz\u0105c, \u017ce wiatr podsyci ogie\u0144. Niestety, deszcz zdusi\u0142 po\u017car.<\/p>\n<p>Pami\u0119tam, jak weszli do &#8222;schronu&#8221; przemoczeni od deszczu i wo\u0142ali: &#8222;Berl, podpalili\u015bmy!&#8221;. Ile\u017c odwagi musieli mie\u0107, aby dokona\u0107 tego czynu.<\/p>\n<p>W ostatnich dniach w okolicy odkryto kilka innych bunkr\u00f3w. Przychodzi\u0142y do nas kolejne osoby. Nasza kryj\u00f3wka sta\u0142a si\u0119 zbyt popularna i nie by\u0142aby w stanie przetrwa\u0107 d\u0142u\u017cej. O domu dowiedzia\u0142a si\u0119 policja. Przysz\u0142o dw\u00f3ch policjant\u00f3w i wygonili nas wszystkich.<\/p>\n<p>Niekt\u00f3rzy zostali wys\u0142ani do Treblinki. Ja zosta\u0142am z grup\u0105 z kibucu. Mieli\u015bmy inn\u0105 kryj\u00f3wk\u0119. Chocia\u017c lepiej by\u0142oby powiedzie\u0107, \u017cywy gr\u00f3b &#8211; w domu Frani Beatus, tej z Konina. Wej\u015bcie by\u0142o przez biurko. Szuflada z przodu by\u0142a szczelnie zamkni\u0119ta, nie da\u0142o si\u0119 jej otworzy\u0107. Wewn\u0105trz znajdowa\u0142a si\u0119 maskuj\u0105ca deska, kt\u00f3r\u0105 mo\u017cna by\u0142o wyj\u0105\u0107 i to by\u0142o wej\u015bcie do &#8222;schronu&#8221;. Z zewn\u0105trz szafa wygl\u0105da\u0142a zwyczajnie. Kiedy si\u0119 j\u0105 otworzy\u0142o, by\u0142a wype\u0142niona po\u015bciel\u0105 i ubraniami.<\/p>\n<p>Zaszczytem dla mnie jest r\u00f3wnie\u017c wspomnie\u0107 Ha\u0144ci\u0119 Grinblat z ulicy Szerokiej. Trzymaj\u0105c na r\u0119kach swoje dziecko, sz\u0142a na czele wszystkich ostrowieckich dzieci, kt\u00f3re zosta\u0142y wys\u0142ane do Treblinki. Niech b\u0119dzie tu powiedziane, \u017ce Ha\u0144cia Grinblat z ulicy Szerokiej by\u0142a naszym Januszem Korczakiem.<\/p>\n\t<p><em><strong>Miejscowy historyk Wojtek Mazan sporz\u0105dzi\u0142 przed laty spis bojownik\u00f3w przyby\u0142ych z Ostrowca, o kt\u00f3rym mowa w ksi\u0119dze:<\/strong><\/em><a href=\"https:\/\/jewsofostrowiec.com\/ostrowiec-heroes-of-the-warsaw-ghetto-uprising\/\">Hanka Grupi\u0144ska<\/a>:<\/p>\n\n","protected":false},"excerpt":{"rendered":"<p>Schron na I\u0142\u017ceckiej Fragmenty relacji z Ksi\u0119gi Pami\u0119ci 1971, str. 342\u00a0 \u00a0\u00a0 Schron na I\u0142\u017ceckiej -Bunkier Rachel Guthaltz-Kempinski, \u00a0Ostrowieccy \u017bydzi podzielili ten sam los, co reszta polskich \u017byd\u00f3w. W \u017cydowskich domach nie by\u0142o przygotowa\u0144 do Szabatu. Ludzie chodzili jak odurzeni. &#8222;Co mamy robi\u0107?&#8221; To pytanie le\u017ca\u0142o na ustach wszystkich. Niekt\u00f3rzy przygotowali bunkry, kt\u00f3re po polsku [&hellip;]<\/p>\n","protected":false},"author":1,"featured_media":0,"parent":0,"menu_order":0,"comment_status":"closed","ping_status":"closed","template":"","meta":{"_monsterinsights_skip_tracking":false,"_monsterinsights_sitenote_active":false,"_monsterinsights_sitenote_note":"","_monsterinsights_sitenote_category":0,"_uf_show_specific_survey":0,"_uf_disable_surveys":false,"site-sidebar-layout":"no-sidebar","site-content-layout":"page-builder","ast-site-content-layout":"default","site-content-style":"default","site-sidebar-style":"default","ast-global-header-display":"","ast-banner-title-visibility":"","ast-main-header-display":"","ast-hfb-above-header-display":"","ast-hfb-below-header-display":"","ast-hfb-mobile-header-display":"","site-post-title":"disabled","ast-breadcrumbs-content":"","ast-featured-img":"disabled","footer-sml-layout":"","ast-disable-related-posts":"","theme-transparent-header-meta":"default","adv-header-id-meta":"","stick-header-meta":"","header-above-stick-meta":"","header-main-stick-meta":"","header-below-stick-meta":"","astra-migrate-meta-layouts":"default","ast-page-background-enabled":"default","ast-page-background-meta":{"desktop":{"background-color":"var(--ast-global-color-4)","background-image":"","background-repeat":"repeat","background-position":"center center","background-size":"auto","background-attachment":"scroll","background-type":"","background-media":"","overlay-type":"","overlay-color":"","overlay-opacity":"","overlay-gradient":""},"tablet":{"background-color":"","background-image":"","background-repeat":"repeat","background-position":"center center","background-size":"auto","background-attachment":"scroll","background-type":"","background-media":"","overlay-type":"","overlay-color":"","overlay-opacity":"","overlay-gradient":""},"mobile":{"background-color":"","background-image":"","background-repeat":"repeat","background-position":"center center","background-size":"auto","background-attachment":"scroll","background-type":"","background-media":"","overlay-type":"","overlay-color":"","overlay-opacity":"","overlay-gradient":""}},"ast-content-background-meta":{"desktop":{"background-color":"var(--ast-global-color-5)","background-image":"","background-repeat":"repeat","background-position":"center center","background-size":"auto","background-attachment":"scroll","background-type":"","background-media":"","overlay-type":"","overlay-color":"","overlay-opacity":"","overlay-gradient":""},"tablet":{"background-color":"var(--ast-global-color-5)","background-image":"","background-repeat":"repeat","background-position":"center center","background-size":"auto","background-attachment":"scroll","background-type":"","background-media":"","overlay-type":"","overlay-color":"","overlay-opacity":"","overlay-gradient":""},"mobile":{"background-color":"var(--ast-global-color-5)","background-image":"","background-repeat":"repeat","background-position":"center center","background-size":"auto","background-attachment":"scroll","background-type":"","background-media":"","overlay-type":"","overlay-color":"","overlay-opacity":"","overlay-gradient":""}},"footnotes":""},"class_list":["post-8657","page","type-page","status-publish","hentry"],"aioseo_notices":[],"yoast_head":"<!-- This site is optimized with the Yoast SEO plugin v25.4 - https:\/\/yoast.com\/wordpress\/plugins\/seo\/ -->\n<title>Schron na I\u0142\u017ceckiej - Jews of Ostrowiec \u05d0\u05ea\u05e8 \u05d4\u05e0\u05e6\u05d7\u05ea \u05d9\u05d4\u05d5\u05d3\u05d9 \u05d0\u05d5\u05e1\u05d8\u05e8\u05d5\u05d1\u05d9\u05d9\u05e5 (\u05d0\u05d5\u05e1\u05d8\u05e8\u05d5\u05d1\u05e6\u05d4)<\/title>\n<meta name=\"robots\" content=\"index, follow, max-snippet:-1, max-image-preview:large, max-video-preview:-1\" \/>\n<link rel=\"canonical\" href=\"https:\/\/jewsofostrowiec.com\/pl\/schron-na-ilzeckiej\/\" \/>\n<meta property=\"og:locale\" content=\"pl_PL\" \/>\n<meta property=\"og:type\" content=\"article\" \/>\n<meta property=\"og:title\" content=\"Schron na I\u0142\u017ceckiej - Jews of Ostrowiec \u05d0\u05ea\u05e8 \u05d4\u05e0\u05e6\u05d7\u05ea \u05d9\u05d4\u05d5\u05d3\u05d9 \u05d0\u05d5\u05e1\u05d8\u05e8\u05d5\u05d1\u05d9\u05d9\u05e5 (\u05d0\u05d5\u05e1\u05d8\u05e8\u05d5\u05d1\u05e6\u05d4)\" \/>\n<meta property=\"og:description\" content=\"Schron na I\u0142\u017ceckiej Fragmenty relacji z Ksi\u0119gi Pami\u0119ci 1971, str. 342\u00a0 \u00a0\u00a0 Schron na I\u0142\u017ceckiej -Bunkier Rachel Guthaltz-Kempinski, \u00a0Ostrowieccy \u017bydzi podzielili ten sam los, co reszta polskich \u017byd\u00f3w. W \u017cydowskich domach nie by\u0142o przygotowa\u0144 do Szabatu. Ludzie chodzili jak odurzeni. &#8222;Co mamy robi\u0107?&#8221; To pytanie le\u017ca\u0142o na ustach wszystkich. Niekt\u00f3rzy przygotowali bunkry, kt\u00f3re po polsku [&hellip;]\" \/>\n<meta property=\"og:url\" content=\"https:\/\/jewsofostrowiec.com\/pl\/schron-na-ilzeckiej\/\" \/>\n<meta property=\"og:site_name\" content=\"Jews of Ostrowiec \u05d0\u05ea\u05e8 \u05d4\u05e0\u05e6\u05d7\u05ea \u05d9\u05d4\u05d5\u05d3\u05d9 \u05d0\u05d5\u05e1\u05d8\u05e8\u05d5\u05d1\u05d9\u05d9\u05e5 (\u05d0\u05d5\u05e1\u05d8\u05e8\u05d5\u05d1\u05e6\u05d4)\" \/>\n<meta property=\"article:publisher\" content=\"https:\/\/www.facebook.com\/groups\/267322667278742\/\" \/>\n<meta property=\"article:modified_time\" content=\"2024-04-19T11:27:33+00:00\" \/>\n<meta name=\"twitter:card\" content=\"summary_large_image\" \/>\n<script type=\"application\/ld+json\" class=\"yoast-schema-graph\">{\"@context\":\"https:\/\/schema.org\",\"@graph\":[{\"@type\":\"WebPage\",\"@id\":\"https:\/\/jewsofostrowiec.com\/pl\/schron-na-ilzeckiej\/\",\"url\":\"https:\/\/jewsofostrowiec.com\/pl\/schron-na-ilzeckiej\/\",\"name\":\"Schron na I\u0142\u017ceckiej - Jews of Ostrowiec \u05d0\u05ea\u05e8 \u05d4\u05e0\u05e6\u05d7\u05ea \u05d9\u05d4\u05d5\u05d3\u05d9 \u05d0\u05d5\u05e1\u05d8\u05e8\u05d5\u05d1\u05d9\u05d9\u05e5 (\u05d0\u05d5\u05e1\u05d8\u05e8\u05d5\u05d1\u05e6\u05d4)\",\"isPartOf\":{\"@id\":\"https:\/\/jewsofostrowiec.com\/#website\"},\"datePublished\":\"2023-03-14T05:23:37+00:00\",\"dateModified\":\"2024-04-19T11:27:33+00:00\",\"breadcrumb\":{\"@id\":\"https:\/\/jewsofostrowiec.com\/pl\/schron-na-ilzeckiej\/#breadcrumb\"},\"inLanguage\":\"pl-PL\",\"potentialAction\":[{\"@type\":\"ReadAction\",\"target\":[\"https:\/\/jewsofostrowiec.com\/pl\/schron-na-ilzeckiej\/\"]}]},{\"@type\":\"BreadcrumbList\",\"@id\":\"https:\/\/jewsofostrowiec.com\/pl\/schron-na-ilzeckiej\/#breadcrumb\",\"itemListElement\":[{\"@type\":\"ListItem\",\"position\":1,\"name\":\"Home\",\"item\":\"https:\/\/jewsofostrowiec.com\/pl\/\"},{\"@type\":\"ListItem\",\"position\":2,\"name\":\"Schron na I\u0142\u017ceckiej\"}]},{\"@type\":\"WebSite\",\"@id\":\"https:\/\/jewsofostrowiec.com\/#website\",\"url\":\"https:\/\/jewsofostrowiec.com\/\",\"name\":\"Jews of Ostrowiec \u05d0\u05ea\u05e8 \u05d4\u05e0\u05e6\u05d7\u05ea \u05d9\u05d4\u05d5\u05d3\u05d9 \u05d0\u05d5\u05e1\u05d8\u05e8\u05d5\u05d1\u05d9\u05d9\u05e5 (\u05d0\u05d5\u05e1\u05d8\u05e8\u05d5\u05d1\u05e6\u05d4)\",\"description\":\"Memorial of the Jewish Community of Ostrowiec \u015awi\u0119tokrzyski, Poland\",\"publisher\":{\"@id\":\"https:\/\/jewsofostrowiec.com\/#organization\"},\"potentialAction\":[{\"@type\":\"SearchAction\",\"target\":{\"@type\":\"EntryPoint\",\"urlTemplate\":\"https:\/\/jewsofostrowiec.com\/?s={search_term_string}\"},\"query-input\":{\"@type\":\"PropertyValueSpecification\",\"valueRequired\":true,\"valueName\":\"search_term_string\"}}],\"inLanguage\":\"pl-PL\"},{\"@type\":\"Organization\",\"@id\":\"https:\/\/jewsofostrowiec.com\/#organization\",\"name\":\"Jews of Ostrowiec \u05d0\u05ea\u05e8 \u05d4\u05e0\u05e6\u05d7\u05ea \u05d9\u05d4\u05d5\u05d3\u05d9 \u05d0\u05d5\u05e1\u05d8\u05e8\u05d5\u05d1\u05d9\u05d9\u05e5 (\u05d0\u05d5\u05e1\u05d8\u05e8\u05d5\u05d1\u05e6\u05d4)\",\"url\":\"https:\/\/jewsofostrowiec.com\/\",\"logo\":{\"@type\":\"ImageObject\",\"inLanguage\":\"pl-PL\",\"@id\":\"https:\/\/jewsofostrowiec.com\/#\/schema\/logo\/image\/\",\"url\":\"https:\/\/jewsofostrowiec.com\/wp-content\/uploads\/2022\/10\/JEWS-OF-OSTROWIEC-logo.png\",\"contentUrl\":\"https:\/\/jewsofostrowiec.com\/wp-content\/uploads\/2022\/10\/JEWS-OF-OSTROWIEC-logo.png\",\"width\":200,\"height\":200,\"caption\":\"Jews of Ostrowiec \u05d0\u05ea\u05e8 \u05d4\u05e0\u05e6\u05d7\u05ea \u05d9\u05d4\u05d5\u05d3\u05d9 \u05d0\u05d5\u05e1\u05d8\u05e8\u05d5\u05d1\u05d9\u05d9\u05e5 (\u05d0\u05d5\u05e1\u05d8\u05e8\u05d5\u05d1\u05e6\u05d4)\"},\"image\":{\"@id\":\"https:\/\/jewsofostrowiec.com\/#\/schema\/logo\/image\/\"},\"sameAs\":[\"https:\/\/www.facebook.com\/groups\/267322667278742\/\"]}]}<\/script>\n<!-- \/ Yoast SEO plugin. -->","yoast_head_json":{"title":"Schron na I\u0142\u017ceckiej - Jews of Ostrowiec \u05d0\u05ea\u05e8 \u05d4\u05e0\u05e6\u05d7\u05ea \u05d9\u05d4\u05d5\u05d3\u05d9 \u05d0\u05d5\u05e1\u05d8\u05e8\u05d5\u05d1\u05d9\u05d9\u05e5 (\u05d0\u05d5\u05e1\u05d8\u05e8\u05d5\u05d1\u05e6\u05d4)","robots":{"index":"index","follow":"follow","max-snippet":"max-snippet:-1","max-image-preview":"max-image-preview:large","max-video-preview":"max-video-preview:-1"},"canonical":"https:\/\/jewsofostrowiec.com\/pl\/schron-na-ilzeckiej\/","og_locale":"pl_PL","og_type":"article","og_title":"Schron na I\u0142\u017ceckiej - Jews of Ostrowiec \u05d0\u05ea\u05e8 \u05d4\u05e0\u05e6\u05d7\u05ea \u05d9\u05d4\u05d5\u05d3\u05d9 \u05d0\u05d5\u05e1\u05d8\u05e8\u05d5\u05d1\u05d9\u05d9\u05e5 (\u05d0\u05d5\u05e1\u05d8\u05e8\u05d5\u05d1\u05e6\u05d4)","og_description":"Schron na I\u0142\u017ceckiej Fragmenty relacji z Ksi\u0119gi Pami\u0119ci 1971, str. 342\u00a0 \u00a0\u00a0 Schron na I\u0142\u017ceckiej -Bunkier Rachel Guthaltz-Kempinski, \u00a0Ostrowieccy \u017bydzi podzielili ten sam los, co reszta polskich \u017byd\u00f3w. W \u017cydowskich domach nie by\u0142o przygotowa\u0144 do Szabatu. Ludzie chodzili jak odurzeni. &#8222;Co mamy robi\u0107?&#8221; To pytanie le\u017ca\u0142o na ustach wszystkich. Niekt\u00f3rzy przygotowali bunkry, kt\u00f3re po polsku [&hellip;]","og_url":"https:\/\/jewsofostrowiec.com\/pl\/schron-na-ilzeckiej\/","og_site_name":"Jews of Ostrowiec \u05d0\u05ea\u05e8 \u05d4\u05e0\u05e6\u05d7\u05ea \u05d9\u05d4\u05d5\u05d3\u05d9 \u05d0\u05d5\u05e1\u05d8\u05e8\u05d5\u05d1\u05d9\u05d9\u05e5 (\u05d0\u05d5\u05e1\u05d8\u05e8\u05d5\u05d1\u05e6\u05d4)","article_publisher":"https:\/\/www.facebook.com\/groups\/267322667278742\/","article_modified_time":"2024-04-19T11:27:33+00:00","twitter_card":"summary_large_image","schema":{"@context":"https:\/\/schema.org","@graph":[{"@type":"WebPage","@id":"https:\/\/jewsofostrowiec.com\/pl\/schron-na-ilzeckiej\/","url":"https:\/\/jewsofostrowiec.com\/pl\/schron-na-ilzeckiej\/","name":"Schron na I\u0142\u017ceckiej - Jews of Ostrowiec \u05d0\u05ea\u05e8 \u05d4\u05e0\u05e6\u05d7\u05ea \u05d9\u05d4\u05d5\u05d3\u05d9 \u05d0\u05d5\u05e1\u05d8\u05e8\u05d5\u05d1\u05d9\u05d9\u05e5 (\u05d0\u05d5\u05e1\u05d8\u05e8\u05d5\u05d1\u05e6\u05d4)","isPartOf":{"@id":"https:\/\/jewsofostrowiec.com\/#website"},"datePublished":"2023-03-14T05:23:37+00:00","dateModified":"2024-04-19T11:27:33+00:00","breadcrumb":{"@id":"https:\/\/jewsofostrowiec.com\/pl\/schron-na-ilzeckiej\/#breadcrumb"},"inLanguage":"pl-PL","potentialAction":[{"@type":"ReadAction","target":["https:\/\/jewsofostrowiec.com\/pl\/schron-na-ilzeckiej\/"]}]},{"@type":"BreadcrumbList","@id":"https:\/\/jewsofostrowiec.com\/pl\/schron-na-ilzeckiej\/#breadcrumb","itemListElement":[{"@type":"ListItem","position":1,"name":"Home","item":"https:\/\/jewsofostrowiec.com\/pl\/"},{"@type":"ListItem","position":2,"name":"Schron na I\u0142\u017ceckiej"}]},{"@type":"WebSite","@id":"https:\/\/jewsofostrowiec.com\/#website","url":"https:\/\/jewsofostrowiec.com\/","name":"Jews of Ostrowiec \u05d0\u05ea\u05e8 \u05d4\u05e0\u05e6\u05d7\u05ea \u05d9\u05d4\u05d5\u05d3\u05d9 \u05d0\u05d5\u05e1\u05d8\u05e8\u05d5\u05d1\u05d9\u05d9\u05e5 (\u05d0\u05d5\u05e1\u05d8\u05e8\u05d5\u05d1\u05e6\u05d4)","description":"Memorial of the Jewish Community of Ostrowiec \u015awi\u0119tokrzyski, Poland","publisher":{"@id":"https:\/\/jewsofostrowiec.com\/#organization"},"potentialAction":[{"@type":"SearchAction","target":{"@type":"EntryPoint","urlTemplate":"https:\/\/jewsofostrowiec.com\/?s={search_term_string}"},"query-input":{"@type":"PropertyValueSpecification","valueRequired":true,"valueName":"search_term_string"}}],"inLanguage":"pl-PL"},{"@type":"Organization","@id":"https:\/\/jewsofostrowiec.com\/#organization","name":"Jews of Ostrowiec \u05d0\u05ea\u05e8 \u05d4\u05e0\u05e6\u05d7\u05ea \u05d9\u05d4\u05d5\u05d3\u05d9 \u05d0\u05d5\u05e1\u05d8\u05e8\u05d5\u05d1\u05d9\u05d9\u05e5 (\u05d0\u05d5\u05e1\u05d8\u05e8\u05d5\u05d1\u05e6\u05d4)","url":"https:\/\/jewsofostrowiec.com\/","logo":{"@type":"ImageObject","inLanguage":"pl-PL","@id":"https:\/\/jewsofostrowiec.com\/#\/schema\/logo\/image\/","url":"https:\/\/jewsofostrowiec.com\/wp-content\/uploads\/2022\/10\/JEWS-OF-OSTROWIEC-logo.png","contentUrl":"https:\/\/jewsofostrowiec.com\/wp-content\/uploads\/2022\/10\/JEWS-OF-OSTROWIEC-logo.png","width":200,"height":200,"caption":"Jews of Ostrowiec \u05d0\u05ea\u05e8 \u05d4\u05e0\u05e6\u05d7\u05ea \u05d9\u05d4\u05d5\u05d3\u05d9 \u05d0\u05d5\u05e1\u05d8\u05e8\u05d5\u05d1\u05d9\u05d9\u05e5 (\u05d0\u05d5\u05e1\u05d8\u05e8\u05d5\u05d1\u05e6\u05d4)"},"image":{"@id":"https:\/\/jewsofostrowiec.com\/#\/schema\/logo\/image\/"},"sameAs":["https:\/\/www.facebook.com\/groups\/267322667278742\/"]}]}},"_links":{"self":[{"href":"https:\/\/jewsofostrowiec.com\/pl\/wp-json\/wp\/v2\/pages\/8657","targetHints":{"allow":["GET"]}}],"collection":[{"href":"https:\/\/jewsofostrowiec.com\/pl\/wp-json\/wp\/v2\/pages"}],"about":[{"href":"https:\/\/jewsofostrowiec.com\/pl\/wp-json\/wp\/v2\/types\/page"}],"author":[{"embeddable":true,"href":"https:\/\/jewsofostrowiec.com\/pl\/wp-json\/wp\/v2\/users\/1"}],"replies":[{"embeddable":true,"href":"https:\/\/jewsofostrowiec.com\/pl\/wp-json\/wp\/v2\/comments?post=8657"}],"version-history":[{"count":6,"href":"https:\/\/jewsofostrowiec.com\/pl\/wp-json\/wp\/v2\/pages\/8657\/revisions"}],"predecessor-version":[{"id":10397,"href":"https:\/\/jewsofostrowiec.com\/pl\/wp-json\/wp\/v2\/pages\/8657\/revisions\/10397"}],"wp:attachment":[{"href":"https:\/\/jewsofostrowiec.com\/pl\/wp-json\/wp\/v2\/media?parent=8657"}],"curies":[{"name":"wp","href":"https:\/\/api.w.org\/{rel}","templated":true}]}}